{"id":861,"date":"2026-04-09T17:38:48","date_gmt":"2026-04-09T17:38:48","guid":{"rendered":"https:\/\/venusfourka.gr\/?page_id=861"},"modified":"2026-04-09T17:56:38","modified_gmt":"2026-04-09T17:56:38","slug":"experiente","status":"publish","type":"page","link":"https:\/\/venusfourka.gr\/ro\/experiences\/","title":{"rendered":"Experien\u021be"},"content":{"rendered":"<div data-elementor-type=\"wp-page\" data-elementor-id=\"861\" class=\"elementor elementor-861\" data-elementor-post-type=\"page\">\n\t\t\t\t<div class=\"elementor-element elementor-element-4fec85c6 service_card e-con-full e-flex wcf-starter-animations-none e-con e-parent\" data-id=\"4fec85c6\" data-element_type=\"container\" data-e-type=\"container\" data-settings=\"{&quot;background_background&quot;:&quot;classic&quot;}\">\n\t\t<div class=\"elementor-element elementor-element-25c4404 e-flex e-con-boxed wcf-starter-animations-none e-con e-child\" data-id=\"25c4404\" data-element_type=\"container\" data-e-type=\"container\">\n\t\t\t\t\t<div class=\"e-con-inner\">\n\t\t<div class=\"elementor-element elementor-element-27c7411 e-con-full e-flex wcf-starter-animations-none e-con e-child\" data-id=\"27c7411\" data-element_type=\"container\" data-e-type=\"container\">\n\t\t<div class=\"elementor-element elementor-element-1062868 e-con-full glass-container e-flex wcf-starter-animations-none e-con e-child\" data-id=\"1062868\" data-element_type=\"container\" data-e-type=\"container\" data-settings=\"{&quot;background_background&quot;:&quot;classic&quot;}\">\n\t\t\t\t<div class=\"elementor-element elementor-element-2446214 wcf-starter-animations-none elementor-widget elementor-widget-wcf--title\" data-id=\"2446214\" data-element_type=\"widget\" data-e-type=\"widget\" data-settings=\"{&quot;wcf_starter_animations&quot;:&quot;none&quot;,&quot;wcf_anim_duration&quot;:1000,&quot;wcf_anim_delay&quot;:0,&quot;wcf_anim_ease&quot;:&quot;ease&quot;}\" data-widget_type=\"wcf--title.default\">\n\t\t\t\t<div class=\"elementor-widget-container\">\n\t\t\t\t\t<h2 class=\"wcf--title\">Unde este fiecare sejur <br>o c\u0103l\u0103torie de neuitat\n<\/h2>\t\t\t\t<\/div>\n\t\t\t\t<\/div>\n\t\t\t\t<\/div>\n\t\t\t\t<\/div>\n\t\t<div class=\"elementor-element elementor-element-a0e62f9 e-con-full elementor-hidden-mobile e-flex wcf-starter-animations-none e-con e-child\" data-id=\"a0e62f9\" data-element_type=\"container\" data-e-type=\"container\">\n\t\t\t\t<\/div>\n\t\t\t\t\t<\/div>\n\t\t\t\t<\/div>\n\t\t\t\t<\/div>\n\t\t<div class=\"elementor-element elementor-element-11288956 e-flex e-con-boxed wcf-starter-animations-none e-con e-parent\" data-id=\"11288956\" data-element_type=\"container\" data-e-type=\"container\">\n\t\t\t\t\t<div class=\"e-con-inner\">\n\t\t<div class=\"elementor-element elementor-element-51a1d21b e-con-full e-flex wcf-starter-animations-none e-con e-child\" data-id=\"51a1d21b\" data-element_type=\"container\" data-e-type=\"container\">\n\t\t\t\t<div class=\"elementor-element elementor-element-1f0258f7 elementor-widget__width-initial wcf-starter-animations-none elementor-widget elementor-widget-wcf--title\" data-id=\"1f0258f7\" data-element_type=\"widget\" data-e-type=\"widget\" data-settings=\"{&quot;wcf_starter_animations&quot;:&quot;none&quot;,&quot;wcf_anim_duration&quot;:1000,&quot;wcf_anim_delay&quot;:0,&quot;wcf_anim_ease&quot;:&quot;ease&quot;}\" data-widget_type=\"wcf--title.default\">\n\t\t\t\t<div class=\"elementor-widget-container\">\n\t\t\t\t\t<span class=\"prefix_on_normal wcf--title\">afli mai multe despre<\/span>\t\t\t\t<\/div>\n\t\t\t\t<\/div>\n\t\t<div class=\"elementor-element elementor-element-7a9ae2ec e-con-full e-flex wcf-starter-animations-none e-con e-child\" data-id=\"7a9ae2ec\" data-element_type=\"container\" data-e-type=\"container\">\n\t\t\t\t<div class=\"elementor-element elementor-element-4eb8550d elementor-widget__width-inherit wcf-starter-animations-none elementor-widget elementor-widget-wcf--title\" data-id=\"4eb8550d\" data-element_type=\"widget\" data-e-type=\"widget\" data-settings=\"{&quot;wcf_starter_animations&quot;:&quot;none&quot;,&quot;wcf_anim_duration&quot;:1000,&quot;wcf_anim_delay&quot;:0,&quot;wcf_anim_ease&quot;:&quot;ease&quot;}\" data-widget_type=\"wcf--title.default\">\n\t\t\t\t<div class=\"elementor-widget-container\">\n\t\t\t\t\t<h2 class=\"wcf--title\">Bucur\u0103-te de aventurile noastre<\/h2>\t\t\t\t<\/div>\n\t\t\t\t<\/div>\n\t\t\t\t<\/div>\n\t\t\t\t<\/div>\n\t\t<div class=\"elementor-element elementor-element-68f9712e e-con-full e-flex wcf-starter-animations-none e-con e-child\" data-id=\"68f9712e\" data-element_type=\"container\" data-e-type=\"container\">\n\t\t<div class=\"elementor-element elementor-element-817e066 e-con-full e-flex wcf-starter-animations-none e-con e-child\" data-id=\"817e066\" data-element_type=\"container\" data-e-type=\"container\">\n\t\t\t\t<div class=\"elementor-element elementor-element-634239e6 wcf-starter-animations-none elementor-widget elementor-widget-wcf--image\" data-id=\"634239e6\" data-element_type=\"widget\" data-e-type=\"widget\" data-settings=\"{&quot;wcf_starter_animations&quot;:&quot;none&quot;,&quot;wcf_anim_duration&quot;:1000,&quot;wcf_anim_delay&quot;:0,&quot;wcf_anim_ease&quot;:&quot;ease&quot;}\" data-widget_type=\"wcf--image.default\">\n\t\t\t\t<div class=\"elementor-widget-container\">\n\t\t\t\t\t\t\t<div class=\"wcf--image\">\r\n\t\t\t\t\t\t\t<img fetchpriority=\"high\" decoding=\"async\" width=\"2560\" height=\"1708\" src=\"https:\/\/venusfourka.gr\/wp-content\/uploads\/2026\/04\/halkidiki-lighthouse-top-1-2560.webp\" class=\"attachment-full size-full wp-image-871\" alt=\"\" srcset=\"https:\/\/venusfourka.gr\/wp-content\/uploads\/2026\/04\/halkidiki-lighthouse-top-1-2560.webp 2560w, https:\/\/venusfourka.gr\/wp-content\/uploads\/2026\/04\/halkidiki-lighthouse-top-1-2560-300x200.webp 300w, https:\/\/venusfourka.gr\/wp-content\/uploads\/2026\/04\/halkidiki-lighthouse-top-1-2560-1024x683.webp 1024w, https:\/\/venusfourka.gr\/wp-content\/uploads\/2026\/04\/halkidiki-lighthouse-top-1-2560-768x512.webp 768w, https:\/\/venusfourka.gr\/wp-content\/uploads\/2026\/04\/halkidiki-lighthouse-top-1-2560-1536x1025.webp 1536w, https:\/\/venusfourka.gr\/wp-content\/uploads\/2026\/04\/halkidiki-lighthouse-top-1-2560-2048x1366.webp 2048w, https:\/\/venusfourka.gr\/wp-content\/uploads\/2026\/04\/halkidiki-lighthouse-top-1-2560-18x12.webp 18w\" sizes=\"(max-width: 2560px) 100vw, 2560px\" title=\"\">\t\t\t\t\t\t<\/div>\r\n\t\t\t\t\t\t<\/div>\n\t\t\t\t<\/div>\n\t\t\t\t<\/div>\n\t\t<div class=\"elementor-element elementor-element-16cb13eb e-con-full e-flex wcf-starter-animations-none e-con e-child\" data-id=\"16cb13eb\" data-element_type=\"container\" data-e-type=\"container\">\n\t\t\t\t<div class=\"elementor-element elementor-element-6db52565 wcf-starter-animations-skew-reveal wcf-repeat-no elementor-widget elementor-widget-wcf--text\" data-id=\"6db52565\" data-element_type=\"widget\" data-e-type=\"widget\" data-settings=\"{&quot;wcf_starter_animations&quot;:&quot;skew-reveal&quot;,&quot;wcf_anim_duration&quot;:1000,&quot;wcf_anim_delay&quot;:0,&quot;wcf_anim_ease&quot;:&quot;ease&quot;,&quot;wcf_repeat_on_enter&quot;:&quot;no&quot;}\" data-widget_type=\"wcf--text.default\">\n\t\t\t\t<div class=\"elementor-widget-container\">\n\t\t\t\t\t<div class=\"wcf--text\"><p dir=\"auto\">Hotelul Venus este ideal situat \u00een Skala Fourka, fiind baza perfect\u0103 pentru o vacan\u021b\u0103 memorabil\u0103. <strong>c\u0103l\u0103torii cu ma\u0219ina<\/strong> prin frumoasa peninsul\u0103 Kassandra \u0219i dincolo de ea. \u00cenchiria\u021bi o ma\u0219in\u0103 (v\u0103 putem ajuta s\u0103 o aranja\u021bi) \u0219i descoperi\u021bi plaje uimitoare, sate fermec\u0103toare, situri antice \u0219i priveli\u0219ti uluitoare - toate la scurte distan\u021be cu ma\u0219ina, \u00een condi\u021bii pitore\u0219ti.<\/p><\/div>\t\t\t\t<\/div>\n\t\t\t\t<\/div>\n\t\t<div class=\"elementor-element elementor-element-733551d2 e-con-full e-flex wcf-starter-animations-none e-con e-child\" data-id=\"733551d2\" data-element_type=\"container\" data-e-type=\"container\">\n\t\t\t\t<div class=\"elementor-element elementor-element-5253c5a4 wcf-starter-animations-none elementor-widget elementor-widget-wcf--image\" data-id=\"5253c5a4\" data-element_type=\"widget\" data-e-type=\"widget\" data-settings=\"{&quot;wcf_starter_animations&quot;:&quot;none&quot;,&quot;wcf_anim_duration&quot;:1000,&quot;wcf_anim_delay&quot;:0,&quot;wcf_anim_ease&quot;:&quot;ease&quot;}\" data-widget_type=\"wcf--image.default\">\n\t\t\t\t<div class=\"elementor-widget-container\">\n\t\t\t\t\t\t\t<div class=\"wcf--image\">\r\n\t\t\t\t\t\t\t<img decoding=\"async\" width=\"720\" height=\"480\" src=\"https:\/\/venusfourka.gr\/wp-content\/uploads\/2026\/04\/image303144504.jpg\" class=\"attachment-full size-full wp-image-875\" alt=\"\" srcset=\"https:\/\/venusfourka.gr\/wp-content\/uploads\/2026\/04\/image303144504.jpg 720w, https:\/\/venusfourka.gr\/wp-content\/uploads\/2026\/04\/image303144504-300x200.jpg 300w, https:\/\/venusfourka.gr\/wp-content\/uploads\/2026\/04\/image303144504-18x12.jpg 18w\" sizes=\"(max-width: 720px) 100vw, 720px\" title=\"\">\t\t\t\t\t\t<\/div>\r\n\t\t\t\t\t\t<\/div>\n\t\t\t\t<\/div>\n\t\t\t\t<\/div>\n\t\t\t\t<\/div>\n\t\t\t\t<\/div>\n\t\t\t\t\t<\/div>\n\t\t\t\t<\/div>\n\t\t<div class=\"elementor-element elementor-element-57548140 e-flex e-con-boxed wcf-starter-animations-none e-con e-parent\" data-id=\"57548140\" data-element_type=\"container\" data-e-type=\"container\" data-settings=\"{&quot;background_background&quot;:&quot;classic&quot;}\">\n\t\t\t\t\t<div class=\"e-con-inner\">\n\t\t<div class=\"elementor-element elementor-element-751ee738 e-con-full e-flex wcf-starter-animations-none e-con e-child\" data-id=\"751ee738\" data-element_type=\"container\" data-e-type=\"container\">\n\t\t\t\t<div class=\"elementor-element elementor-element-3d644e5f elementor-widget__width-inherit wcf-starter-animations-none elementor-widget elementor-widget-wcf--title\" data-id=\"3d644e5f\" data-element_type=\"widget\" data-e-type=\"widget\" data-settings=\"{&quot;wcf_starter_animations&quot;:&quot;none&quot;,&quot;wcf_anim_duration&quot;:1000,&quot;wcf_anim_delay&quot;:0,&quot;wcf_anim_ease&quot;:&quot;ease&quot;}\" data-widget_type=\"wcf--title.default\">\n\t\t\t\t<div class=\"elementor-widget-container\">\n\t\t\t\t\t<h2 class=\"wcf--title\">Drumuri scurte \u0219i u\u0219oare (10\u201330 de minute)<\/h2>\t\t\t\t<\/div>\n\t\t\t\t<\/div>\n\t\t\t\t<div class=\"elementor-element elementor-element-17bfebb wcf-starter-animations-skew-reveal wcf-repeat-no elementor-widget elementor-widget-wcf--text\" data-id=\"17bfebb\" data-element_type=\"widget\" data-e-type=\"widget\" data-settings=\"{&quot;wcf_starter_animations&quot;:&quot;skew-reveal&quot;,&quot;wcf_anim_duration&quot;:1000,&quot;wcf_anim_delay&quot;:0,&quot;wcf_anim_ease&quot;:&quot;ease&quot;,&quot;wcf_repeat_on_enter&quot;:&quot;no&quot;}\" data-widget_type=\"wcf--text.default\">\n\t\t\t\t<div class=\"elementor-widget-container\">\n\t\t\t\t\t<div class=\"wcf--text\"><ul dir=\"auto\"><li><strong>Plaja \u0219i Capul Possidi<\/strong> (\u2248 10\u201315 min \/ 8 km) Unul dintre cele mai emblematice locuri din Kassandra. Merge\u021bi cu ma\u0219ina p\u00e2n\u0103 la promontoriul \u00eengust de nisip, cu farul s\u0103u emblematic, unde valurile M\u0103rii Egee se \u00eent\u00e2lnesc din ambele p\u0103r\u021bi. \u00cenota\u021bi \u00een apele turcoaz, plimba\u021bi-v\u0103 de-a lungul dunelor sau bucura\u021bi-v\u0103 de un apus de soare magic cu vedere spre Muntele Olimp. O excursie cu ma\u0219ina obligatorie!<\/li><li><strong>Plaja \u0219i satul Siviri<\/strong> (\u2248 15\u201320 min) O plaj\u0103 relaxant\u0103, potrivit\u0103 pentru familii, cu pini \u0219i ap\u0103 limpede. Opri\u021bi-v\u0103 pentru fructe de mare proaspete la o tavern\u0103 de pe malul m\u0103rii sau vizita\u021bi amfiteatrul \u00een aer liber \u00een timpul evenimentelor de var\u0103.<\/li><li><strong>Satul Afitos (Afytos)<\/strong> (\u2248 25\u201330 min) Un sat pitoresc construit din piatr\u0103, coco\u021bat pe un deal, cu priveli\u0219ti uimitoare la mare, arhitectur\u0103 tradi\u021bional\u0103, buticuri \u0219i taverne excelente. Perfect pentru o plimbare relaxant\u0103 dup\u0103-amiaza \u0219i fotografii.<\/li><\/ul><p dir=\"auto\">La Hotel Venus, credem c\u0103 cele mai bune vacan\u021be sunt cele petrecute sim\u021bindu-v\u0103 relaxa\u021bi, \u00eengriji\u021bi \u0219i conecta\u021bi cu frumuse\u021bea Greciei.<\/p><p dir=\"auto\">A\u0219tept\u0103m cu ner\u0103bdare s\u0103 v\u0103 ur\u0103m bun venit \u00een cur\u00e2nd!<\/p><\/div>\t\t\t\t<\/div>\n\t\t\t\t<\/div>\n\t\t\t\t<div class=\"elementor-element elementor-element-70d91340 elementor-absolute elementor-hidden-mobile wcf-starter-animations-none elementor-widget elementor-widget-wcf--image\" data-id=\"70d91340\" data-element_type=\"widget\" data-e-type=\"widget\" data-settings=\"{&quot;_position&quot;:&quot;absolute&quot;,&quot;wcf_starter_animations&quot;:&quot;none&quot;,&quot;wcf_anim_duration&quot;:1000,&quot;wcf_anim_delay&quot;:0,&quot;wcf_anim_ease&quot;:&quot;ease&quot;}\" data-widget_type=\"wcf--image.default\">\n\t\t\t\t<div class=\"elementor-widget-container\">\n\t\t\t\t\t\t\t<div class=\"wcf--image\">\r\n\t\t\t\t\t\t\t<img decoding=\"async\" width=\"85\" height=\"69\" src=\"https:\/\/venusfourka.gr\/wp-content\/uploads\/2026\/04\/Line-B.webp\" class=\"attachment-full size-full wp-image-616\" alt=\"\" srcset=\"https:\/\/venusfourka.gr\/wp-content\/uploads\/2026\/04\/Line-B.webp 85w, https:\/\/venusfourka.gr\/wp-content\/uploads\/2026\/04\/Line-B-15x12.webp 15w\" sizes=\"(max-width: 85px) 100vw, 85px\" title=\"\">\t\t\t\t\t\t<\/div>\r\n\t\t\t\t\t\t<\/div>\n\t\t\t\t<\/div>\n\t\t\t\t<\/div>\n\t\t<div class=\"elementor-element elementor-element-4ae0b3fc e-con-full e-flex wcf-starter-animations-none e-con e-child\" data-id=\"4ae0b3fc\" data-element_type=\"container\" data-e-type=\"container\">\n\t\t\t\t<div class=\"elementor-element elementor-element-3f0e5c06 wcf-starter-animations-none elementor-widget elementor-widget-wcf--image\" data-id=\"3f0e5c06\" data-element_type=\"widget\" data-e-type=\"widget\" data-settings=\"{&quot;wcf_starter_animations&quot;:&quot;none&quot;,&quot;wcf_anim_duration&quot;:1000,&quot;wcf_anim_delay&quot;:0,&quot;wcf_anim_ease&quot;:&quot;ease&quot;}\" data-widget_type=\"wcf--image.default\">\n\t\t\t\t<div class=\"elementor-widget-container\">\n\t\t\t\t\t\t\t<div class=\"wcf--image\">\r\n\t\t\t\t\t\t\t<img loading=\"lazy\" decoding=\"async\" width=\"960\" height=\"600\" src=\"https:\/\/venusfourka.gr\/wp-content\/uploads\/2026\/04\/HAL_KASSANDRA_afitos-17.jpg\" class=\"attachment-full size-full wp-image-883\" alt=\"\" srcset=\"https:\/\/venusfourka.gr\/wp-content\/uploads\/2026\/04\/HAL_KASSANDRA_afitos-17.jpg 960w, https:\/\/venusfourka.gr\/wp-content\/uploads\/2026\/04\/HAL_KASSANDRA_afitos-17-300x188.jpg 300w, https:\/\/venusfourka.gr\/wp-content\/uploads\/2026\/04\/HAL_KASSANDRA_afitos-17-768x480.jpg 768w, https:\/\/venusfourka.gr\/wp-content\/uploads\/2026\/04\/HAL_KASSANDRA_afitos-17-18x12.jpg 18w\" sizes=\"(max-width: 960px) 100vw, 960px\" title=\"\">\t\t\t\t\t\t<\/div>\r\n\t\t\t\t\t\t<\/div>\n\t\t\t\t<\/div>\n\t\t\t\t<\/div>\n\t\t\t\t\t<\/div>\n\t\t\t\t<\/div>\n\t\t<div class=\"elementor-element elementor-element-c51de6e e-flex e-con-boxed wcf-starter-animations-none e-con e-parent\" data-id=\"c51de6e\" data-element_type=\"container\" data-e-type=\"container\" data-settings=\"{&quot;background_background&quot;:&quot;classic&quot;}\">\n\t\t\t\t\t<div class=\"e-con-inner\">\n\t\t<div class=\"elementor-element elementor-element-6734bf0 e-con-full e-flex wcf-starter-animations-none e-con e-child\" data-id=\"6734bf0\" data-element_type=\"container\" data-e-type=\"container\">\n\t\t\t\t<div class=\"elementor-element elementor-element-03ec838 wcf-starter-animations-none elementor-widget elementor-widget-wcf--image\" data-id=\"03ec838\" data-element_type=\"widget\" data-e-type=\"widget\" data-settings=\"{&quot;wcf_starter_animations&quot;:&quot;none&quot;,&quot;wcf_anim_duration&quot;:1000,&quot;wcf_anim_delay&quot;:0,&quot;wcf_anim_ease&quot;:&quot;ease&quot;}\" data-widget_type=\"wcf--image.default\">\n\t\t\t\t<div class=\"elementor-widget-container\">\n\t\t\t\t\t\t\t<div class=\"wcf--image\">\r\n\t\t\t\t\t\t\t<img loading=\"lazy\" decoding=\"async\" width=\"870\" height=\"500\" src=\"https:\/\/venusfourka.gr\/wp-content\/uploads\/2026\/04\/kassandra-halkidiki-1.jpg\" class=\"attachment-full size-full wp-image-884\" alt=\"\" srcset=\"https:\/\/venusfourka.gr\/wp-content\/uploads\/2026\/04\/kassandra-halkidiki-1.jpg 870w, https:\/\/venusfourka.gr\/wp-content\/uploads\/2026\/04\/kassandra-halkidiki-1-300x172.jpg 300w, https:\/\/venusfourka.gr\/wp-content\/uploads\/2026\/04\/kassandra-halkidiki-1-768x441.jpg 768w, https:\/\/venusfourka.gr\/wp-content\/uploads\/2026\/04\/kassandra-halkidiki-1-18x10.jpg 18w\" sizes=\"(max-width: 870px) 100vw, 870px\" title=\"\">\t\t\t\t\t\t<\/div>\r\n\t\t\t\t\t\t<\/div>\n\t\t\t\t<\/div>\n\t\t\t\t<\/div>\n\t\t<div class=\"elementor-element elementor-element-793c048 e-con-full e-flex wcf-starter-animations-none e-con e-child\" data-id=\"793c048\" data-element_type=\"container\" data-e-type=\"container\">\n\t\t\t\t<div class=\"elementor-element elementor-element-7c3d025 elementor-widget__width-inherit wcf-starter-animations-none elementor-widget elementor-widget-wcf--title\" data-id=\"7c3d025\" data-element_type=\"widget\" data-e-type=\"widget\" data-settings=\"{&quot;wcf_starter_animations&quot;:&quot;none&quot;,&quot;wcf_anim_duration&quot;:1000,&quot;wcf_anim_delay&quot;:0,&quot;wcf_anim_ease&quot;:&quot;ease&quot;}\" data-widget_type=\"wcf--title.default\">\n\t\t\t\t<div class=\"elementor-widget-container\">\n\t\t\t\t\t<h2 class=\"wcf--title\">Excursii rutiere de jum\u0103tate de zi (30\u201360 de minute)<\/h2>\t\t\t\t<\/div>\n\t\t\t\t<\/div>\n\t\t\t\t<div class=\"elementor-element elementor-element-c22bee8 wcf-starter-animations-skew-reveal wcf-repeat-no elementor-widget elementor-widget-wcf--text\" data-id=\"c22bee8\" data-element_type=\"widget\" data-e-type=\"widget\" data-settings=\"{&quot;wcf_starter_animations&quot;:&quot;skew-reveal&quot;,&quot;wcf_anim_duration&quot;:1000,&quot;wcf_anim_delay&quot;:0,&quot;wcf_anim_ease&quot;:&quot;ease&quot;,&quot;wcf_repeat_on_enter&quot;:&quot;no&quot;}\" data-widget_type=\"wcf--text.default\">\n\t\t\t\t<div class=\"elementor-widget-container\">\n\t\t\t\t\t<div class=\"wcf--text\"><ul><li><p>Pefkochori \u0219i Kallithea (\u2248 30\u201345 min) Merge\u021bi spre sud de-a lungul coastei de est pentru plaje vibrante cu sporturi nautice, baruri pe plaj\u0103 \u0219i o atmosfer\u0103 animat\u0103. Excelent pentru cei care \u00ee\u0219i doresc un amestec de relaxare \u0219i energie.<\/p><\/li><li><p>Zona Sani (\u2248 40\u201350 min) Explora\u021bi complexul de lux Sani Resort, cu portul s\u0103u turistic, magazinele de lux \u0219i frumoasa plaj\u0103 amenajat\u0103. Ideal pentru o zi mai sofisticat\u0103, cu op\u021biuni culinare rafinate.<\/p><\/li><li><p>Kryopigi \u0219i golfuri ascunse (\u2248 35 min) Descoperi\u021bi plaje umbrite de pini \u0219i locuri lini\u0219tite ascunse sub st\u00e2nci \u2014 perfecte pentru snorkeling \u0219i \u00eenot lini\u0219tit.<\/p><\/li><\/ul><\/div>\t\t\t\t<\/div>\n\t\t\t\t<\/div>\n\t\t\t\t<div class=\"elementor-element elementor-element-ae726d2 elementor-absolute elementor-hidden-mobile wcf-starter-animations-none elementor-widget elementor-widget-wcf--image\" data-id=\"ae726d2\" data-element_type=\"widget\" data-e-type=\"widget\" data-settings=\"{&quot;_position&quot;:&quot;absolute&quot;,&quot;wcf_starter_animations&quot;:&quot;none&quot;,&quot;wcf_anim_duration&quot;:1000,&quot;wcf_anim_delay&quot;:0,&quot;wcf_anim_ease&quot;:&quot;ease&quot;}\" data-widget_type=\"wcf--image.default\">\n\t\t\t\t<div class=\"elementor-widget-container\">\n\t\t\t\t\t\t\t<div class=\"wcf--image\">\r\n\t\t\t\t\t\t\t<img decoding=\"async\" width=\"85\" height=\"69\" src=\"https:\/\/venusfourka.gr\/wp-content\/uploads\/2026\/04\/Line-B.webp\" class=\"attachment-full size-full wp-image-616\" alt=\"\" srcset=\"https:\/\/venusfourka.gr\/wp-content\/uploads\/2026\/04\/Line-B.webp 85w, https:\/\/venusfourka.gr\/wp-content\/uploads\/2026\/04\/Line-B-15x12.webp 15w\" sizes=\"(max-width: 85px) 100vw, 85px\" title=\"\">\t\t\t\t\t\t<\/div>\r\n\t\t\t\t\t\t<\/div>\n\t\t\t\t<\/div>\n\t\t\t\t<\/div>\n\t\t\t\t\t<\/div>\n\t\t\t\t<\/div>\n\t\t\t\t<\/div>","protected":false},"excerpt":{"rendered":"<p>Where Every Stay is an Unforgettable Journey know more aboutEnjoy our Adventures Hotel Venus is ideally located in Skala Fourka, making it the perfect base for memorable road trips across the beautiful Kassandra Peninsula and beyond. Rent a car (we can help arrange it) and discover stunning beaches, charming villages, ancient sites, and breathtaking views [&hellip;]<\/p>\n","protected":false},"author":1,"featured_media":0,"parent":0,"menu_order":0,"comment_status":"closed","ping_status":"closed","template":"","meta":{"footnotes":""},"class_list":["post-861","page","type-page","status-publish","hentry"],"_links":{"self":[{"href":"https:\/\/venusfourka.gr\/ro\/wp-json\/wp\/v2\/pages\/861","targetHints":{"allow":["GET"]}}],"collection":[{"href":"https:\/\/venusfourka.gr\/ro\/wp-json\/wp\/v2\/pages"}],"about":[{"href":"https:\/\/venusfourka.gr\/ro\/wp-json\/wp\/v2\/types\/page"}],"author":[{"embeddable":true,"href":"https:\/\/venusfourka.gr\/ro\/wp-json\/wp\/v2\/users\/1"}],"replies":[{"embeddable":true,"href":"https:\/\/venusfourka.gr\/ro\/wp-json\/wp\/v2\/comments?post=861"}],"version-history":[{"count":19,"href":"https:\/\/venusfourka.gr\/ro\/wp-json\/wp\/v2\/pages\/861\/revisions"}],"predecessor-version":[{"id":887,"href":"https:\/\/venusfourka.gr\/ro\/wp-json\/wp\/v2\/pages\/861\/revisions\/887"}],"wp:attachment":[{"href":"https:\/\/venusfourka.gr\/ro\/wp-json\/wp\/v2\/media?parent=861"}],"curies":[{"name":"wp","href":"https:\/\/api.w.org\/{rel}","templated":true}]}}