{"id":861,"date":"2026-04-09T17:38:48","date_gmt":"2026-04-09T17:38:48","guid":{"rendered":"https:\/\/venusfourka.gr\/?page_id=861"},"modified":"2026-04-09T17:56:38","modified_gmt":"2026-04-09T17:56:38","slug":"erfahrungen","status":"publish","type":"page","link":"https:\/\/venusfourka.gr\/de\/experiences\/","title":{"rendered":"Erfahrungen"},"content":{"rendered":"<div data-elementor-type=\"wp-page\" data-elementor-id=\"861\" class=\"elementor elementor-861\" data-elementor-post-type=\"page\">\n\t\t\t\t<div class=\"elementor-element elementor-element-4fec85c6 service_card e-con-full e-flex wcf-starter-animations-none e-con e-parent\" data-id=\"4fec85c6\" data-element_type=\"container\" data-e-type=\"container\" data-settings=\"{&quot;background_background&quot;:&quot;classic&quot;}\">\n\t\t<div class=\"elementor-element elementor-element-25c4404 e-flex e-con-boxed wcf-starter-animations-none e-con e-child\" data-id=\"25c4404\" data-element_type=\"container\" data-e-type=\"container\">\n\t\t\t\t\t<div class=\"e-con-inner\">\n\t\t<div class=\"elementor-element elementor-element-27c7411 e-con-full e-flex wcf-starter-animations-none e-con e-child\" data-id=\"27c7411\" data-element_type=\"container\" data-e-type=\"container\">\n\t\t<div class=\"elementor-element elementor-element-1062868 e-con-full glass-container e-flex wcf-starter-animations-none e-con e-child\" data-id=\"1062868\" data-element_type=\"container\" data-e-type=\"container\" data-settings=\"{&quot;background_background&quot;:&quot;classic&quot;}\">\n\t\t\t\t<div class=\"elementor-element elementor-element-2446214 wcf-starter-animations-none elementor-widget elementor-widget-wcf--title\" data-id=\"2446214\" data-element_type=\"widget\" data-e-type=\"widget\" data-settings=\"{&quot;wcf_starter_animations&quot;:&quot;none&quot;,&quot;wcf_anim_duration&quot;:1000,&quot;wcf_anim_delay&quot;:0,&quot;wcf_anim_ease&quot;:&quot;ease&quot;}\" data-widget_type=\"wcf--title.default\">\n\t\t\t\t<div class=\"elementor-widget-container\">\n\t\t\t\t\t<h2 class=\"wcf--title\">Wo jeder Aufenthalt ist <br>eine unvergessliche Reise\n<\/h2>\t\t\t\t<\/div>\n\t\t\t\t<\/div>\n\t\t\t\t<\/div>\n\t\t\t\t<\/div>\n\t\t<div class=\"elementor-element elementor-element-a0e62f9 e-con-full elementor-hidden-mobile e-flex wcf-starter-animations-none e-con e-child\" data-id=\"a0e62f9\" data-element_type=\"container\" data-e-type=\"container\">\n\t\t\t\t<\/div>\n\t\t\t\t\t<\/div>\n\t\t\t\t<\/div>\n\t\t\t\t<\/div>\n\t\t<div class=\"elementor-element elementor-element-11288956 e-flex e-con-boxed wcf-starter-animations-none e-con e-parent\" data-id=\"11288956\" data-element_type=\"container\" data-e-type=\"container\">\n\t\t\t\t\t<div class=\"e-con-inner\">\n\t\t<div class=\"elementor-element elementor-element-51a1d21b e-con-full e-flex wcf-starter-animations-none e-con e-child\" data-id=\"51a1d21b\" data-element_type=\"container\" data-e-type=\"container\">\n\t\t\t\t<div class=\"elementor-element elementor-element-1f0258f7 elementor-widget__width-initial wcf-starter-animations-none elementor-widget elementor-widget-wcf--title\" data-id=\"1f0258f7\" data-element_type=\"widget\" data-e-type=\"widget\" data-settings=\"{&quot;wcf_starter_animations&quot;:&quot;none&quot;,&quot;wcf_anim_duration&quot;:1000,&quot;wcf_anim_delay&quot;:0,&quot;wcf_anim_ease&quot;:&quot;ease&quot;}\" data-widget_type=\"wcf--title.default\">\n\t\t\t\t<div class=\"elementor-widget-container\">\n\t\t\t\t\t<span class=\"prefix_on_normal wcf--title\">mehr erfahren \u00fcber<\/span>\t\t\t\t<\/div>\n\t\t\t\t<\/div>\n\t\t<div class=\"elementor-element elementor-element-7a9ae2ec e-con-full e-flex wcf-starter-animations-none e-con e-child\" data-id=\"7a9ae2ec\" data-element_type=\"container\" data-e-type=\"container\">\n\t\t\t\t<div class=\"elementor-element elementor-element-4eb8550d elementor-widget__width-inherit wcf-starter-animations-none elementor-widget elementor-widget-wcf--title\" data-id=\"4eb8550d\" data-element_type=\"widget\" data-e-type=\"widget\" data-settings=\"{&quot;wcf_starter_animations&quot;:&quot;none&quot;,&quot;wcf_anim_duration&quot;:1000,&quot;wcf_anim_delay&quot;:0,&quot;wcf_anim_ease&quot;:&quot;ease&quot;}\" data-widget_type=\"wcf--title.default\">\n\t\t\t\t<div class=\"elementor-widget-container\">\n\t\t\t\t\t<h2 class=\"wcf--title\">Erlebt unsere Abenteuer!<\/h2>\t\t\t\t<\/div>\n\t\t\t\t<\/div>\n\t\t\t\t<\/div>\n\t\t\t\t<\/div>\n\t\t<div class=\"elementor-element elementor-element-68f9712e e-con-full e-flex wcf-starter-animations-none e-con e-child\" data-id=\"68f9712e\" data-element_type=\"container\" data-e-type=\"container\">\n\t\t<div class=\"elementor-element elementor-element-817e066 e-con-full e-flex wcf-starter-animations-none e-con e-child\" data-id=\"817e066\" data-element_type=\"container\" data-e-type=\"container\">\n\t\t\t\t<div class=\"elementor-element elementor-element-634239e6 wcf-starter-animations-none elementor-widget elementor-widget-wcf--image\" data-id=\"634239e6\" data-element_type=\"widget\" data-e-type=\"widget\" data-settings=\"{&quot;wcf_starter_animations&quot;:&quot;none&quot;,&quot;wcf_anim_duration&quot;:1000,&quot;wcf_anim_delay&quot;:0,&quot;wcf_anim_ease&quot;:&quot;ease&quot;}\" data-widget_type=\"wcf--image.default\">\n\t\t\t\t<div class=\"elementor-widget-container\">\n\t\t\t\t\t\t\t<div class=\"wcf--image\">\r\n\t\t\t\t\t\t\t<img fetchpriority=\"high\" decoding=\"async\" width=\"2560\" height=\"1708\" src=\"https:\/\/venusfourka.gr\/wp-content\/uploads\/2026\/04\/halkidiki-lighthouse-top-1-2560.webp\" class=\"attachment-full size-full wp-image-871\" alt=\"\" srcset=\"https:\/\/venusfourka.gr\/wp-content\/uploads\/2026\/04\/halkidiki-lighthouse-top-1-2560.webp 2560w, https:\/\/venusfourka.gr\/wp-content\/uploads\/2026\/04\/halkidiki-lighthouse-top-1-2560-300x200.webp 300w, https:\/\/venusfourka.gr\/wp-content\/uploads\/2026\/04\/halkidiki-lighthouse-top-1-2560-1024x683.webp 1024w, https:\/\/venusfourka.gr\/wp-content\/uploads\/2026\/04\/halkidiki-lighthouse-top-1-2560-768x512.webp 768w, https:\/\/venusfourka.gr\/wp-content\/uploads\/2026\/04\/halkidiki-lighthouse-top-1-2560-1536x1025.webp 1536w, https:\/\/venusfourka.gr\/wp-content\/uploads\/2026\/04\/halkidiki-lighthouse-top-1-2560-2048x1366.webp 2048w, https:\/\/venusfourka.gr\/wp-content\/uploads\/2026\/04\/halkidiki-lighthouse-top-1-2560-18x12.webp 18w\" sizes=\"(max-width: 2560px) 100vw, 2560px\" title=\"\">\t\t\t\t\t\t<\/div>\r\n\t\t\t\t\t\t<\/div>\n\t\t\t\t<\/div>\n\t\t\t\t<\/div>\n\t\t<div class=\"elementor-element elementor-element-16cb13eb e-con-full e-flex wcf-starter-animations-none e-con e-child\" data-id=\"16cb13eb\" data-element_type=\"container\" data-e-type=\"container\">\n\t\t\t\t<div class=\"elementor-element elementor-element-6db52565 wcf-starter-animations-skew-reveal wcf-repeat-no elementor-widget elementor-widget-wcf--text\" data-id=\"6db52565\" data-element_type=\"widget\" data-e-type=\"widget\" data-settings=\"{&quot;wcf_starter_animations&quot;:&quot;skew-reveal&quot;,&quot;wcf_anim_duration&quot;:1000,&quot;wcf_anim_delay&quot;:0,&quot;wcf_anim_ease&quot;:&quot;ease&quot;,&quot;wcf_repeat_on_enter&quot;:&quot;no&quot;}\" data-widget_type=\"wcf--text.default\">\n\t\t\t\t<div class=\"elementor-widget-container\">\n\t\t\t\t\t<div class=\"wcf--text\"><p dir=\"auto\">Das Hotel Venus liegt ideal in Skala Fourka und ist somit der perfekte Ausgangspunkt f\u00fcr unvergessliche Erlebnisse. <strong>Roadtrips<\/strong> Erkunden Sie die wundersch\u00f6ne Kassandra-Halbinsel und die Umgebung. Mieten Sie ein Auto (wir helfen Ihnen gerne bei der Organisation) und entdecken Sie traumhafte Str\u00e4nde, charmante D\u00f6rfer, antike St\u00e4tten und atemberaubende Ausblicke \u2013 alles innerhalb kurzer, malerischer Fahrten.<\/p><\/div>\t\t\t\t<\/div>\n\t\t\t\t<\/div>\n\t\t<div class=\"elementor-element elementor-element-733551d2 e-con-full e-flex wcf-starter-animations-none e-con e-child\" data-id=\"733551d2\" data-element_type=\"container\" data-e-type=\"container\">\n\t\t\t\t<div class=\"elementor-element elementor-element-5253c5a4 wcf-starter-animations-none elementor-widget elementor-widget-wcf--image\" data-id=\"5253c5a4\" data-element_type=\"widget\" data-e-type=\"widget\" data-settings=\"{&quot;wcf_starter_animations&quot;:&quot;none&quot;,&quot;wcf_anim_duration&quot;:1000,&quot;wcf_anim_delay&quot;:0,&quot;wcf_anim_ease&quot;:&quot;ease&quot;}\" data-widget_type=\"wcf--image.default\">\n\t\t\t\t<div class=\"elementor-widget-container\">\n\t\t\t\t\t\t\t<div class=\"wcf--image\">\r\n\t\t\t\t\t\t\t<img decoding=\"async\" width=\"720\" height=\"480\" src=\"https:\/\/venusfourka.gr\/wp-content\/uploads\/2026\/04\/image303144504.jpg\" class=\"attachment-full size-full wp-image-875\" alt=\"\" srcset=\"https:\/\/venusfourka.gr\/wp-content\/uploads\/2026\/04\/image303144504.jpg 720w, https:\/\/venusfourka.gr\/wp-content\/uploads\/2026\/04\/image303144504-300x200.jpg 300w, https:\/\/venusfourka.gr\/wp-content\/uploads\/2026\/04\/image303144504-18x12.jpg 18w\" sizes=\"(max-width: 720px) 100vw, 720px\" title=\"\">\t\t\t\t\t\t<\/div>\r\n\t\t\t\t\t\t<\/div>\n\t\t\t\t<\/div>\n\t\t\t\t<\/div>\n\t\t\t\t<\/div>\n\t\t\t\t<\/div>\n\t\t\t\t\t<\/div>\n\t\t\t\t<\/div>\n\t\t<div class=\"elementor-element elementor-element-57548140 e-flex e-con-boxed wcf-starter-animations-none e-con e-parent\" data-id=\"57548140\" data-element_type=\"container\" data-e-type=\"container\" data-settings=\"{&quot;background_background&quot;:&quot;classic&quot;}\">\n\t\t\t\t\t<div class=\"e-con-inner\">\n\t\t<div class=\"elementor-element elementor-element-751ee738 e-con-full e-flex wcf-starter-animations-none e-con e-child\" data-id=\"751ee738\" data-element_type=\"container\" data-e-type=\"container\">\n\t\t\t\t<div class=\"elementor-element elementor-element-3d644e5f elementor-widget__width-inherit wcf-starter-animations-none elementor-widget elementor-widget-wcf--title\" data-id=\"3d644e5f\" data-element_type=\"widget\" data-e-type=\"widget\" data-settings=\"{&quot;wcf_starter_animations&quot;:&quot;none&quot;,&quot;wcf_anim_duration&quot;:1000,&quot;wcf_anim_delay&quot;:0,&quot;wcf_anim_ease&quot;:&quot;ease&quot;}\" data-widget_type=\"wcf--title.default\">\n\t\t\t\t<div class=\"elementor-widget-container\">\n\t\t\t\t\t<h2 class=\"wcf--title\">Kurze und einfache Fahrten (10\u201330 Minuten)<\/h2>\t\t\t\t<\/div>\n\t\t\t\t<\/div>\n\t\t\t\t<div class=\"elementor-element elementor-element-17bfebb wcf-starter-animations-skew-reveal wcf-repeat-no elementor-widget elementor-widget-wcf--text\" data-id=\"17bfebb\" data-element_type=\"widget\" data-e-type=\"widget\" data-settings=\"{&quot;wcf_starter_animations&quot;:&quot;skew-reveal&quot;,&quot;wcf_anim_duration&quot;:1000,&quot;wcf_anim_delay&quot;:0,&quot;wcf_anim_ease&quot;:&quot;ease&quot;,&quot;wcf_repeat_on_enter&quot;:&quot;no&quot;}\" data-widget_type=\"wcf--text.default\">\n\t\t\t\t<div class=\"elementor-widget-container\">\n\t\t\t\t\t<div class=\"wcf--text\"><ul dir=\"auto\"><li><strong>Possidi Beach &amp; Cape<\/strong> (ca. 10\u201315 Min. \/ 8 km) Einer der bekanntesten Orte in Kassandra. Fahren Sie zu dem schmalen Sandkap mit seinem markanten Leuchtturm, wo die Wellen der \u00c4g\u00e4is von beiden Seiten aufeinandertreffen. Schwimmen Sie im t\u00fcrkisfarbenen Wasser, spazieren Sie durch die D\u00fcnen oder genie\u00dfen Sie einen traumhaften Sonnenuntergang mit Blick auf den Olymp. Ein absolutes Muss f\u00fcr jeden Roadtrip-Fan!<\/li><li><strong>Strand und Dorf Siviri<\/strong> (ca. 15\u201320 Min.) Ein entspannter, familienfreundlicher Strand mit Pinien und klarem Wasser. Genie\u00dfen Sie frische Meeresfr\u00fcchte in einer Taverne am Meer oder besuchen Sie das Freiluft-Amphitheater bei Sommerveranstaltungen.<\/li><li><strong>Dorf Afitos (Afytos)<\/strong> (ca. 25\u201330 Min.) Ein malerisches Steindorf auf einem H\u00fcgel mit atemberaubendem Meerblick, traditioneller Architektur, kleinen Boutiquen und hervorragenden Tavernen. Ideal f\u00fcr einen entspannten Nachmittagsspaziergang und zum Fotografieren.<\/li><\/ul><p dir=\"auto\">Im Hotel Venus glauben wir, dass die sch\u00f6nsten Urlaube diejenigen sind, in denen man sich entspannt und gut betreut f\u00fchlt und die Sch\u00f6nheit Griechenlands genie\u00dfen kann.<\/p><p dir=\"auto\">Wir freuen uns darauf, Sie bald begr\u00fc\u00dfen zu d\u00fcrfen!<\/p><\/div>\t\t\t\t<\/div>\n\t\t\t\t<\/div>\n\t\t\t\t<div class=\"elementor-element elementor-element-70d91340 elementor-absolute elementor-hidden-mobile wcf-starter-animations-none elementor-widget elementor-widget-wcf--image\" data-id=\"70d91340\" data-element_type=\"widget\" data-e-type=\"widget\" data-settings=\"{&quot;_position&quot;:&quot;absolute&quot;,&quot;wcf_starter_animations&quot;:&quot;none&quot;,&quot;wcf_anim_duration&quot;:1000,&quot;wcf_anim_delay&quot;:0,&quot;wcf_anim_ease&quot;:&quot;ease&quot;}\" data-widget_type=\"wcf--image.default\">\n\t\t\t\t<div class=\"elementor-widget-container\">\n\t\t\t\t\t\t\t<div class=\"wcf--image\">\r\n\t\t\t\t\t\t\t<img decoding=\"async\" width=\"85\" height=\"69\" src=\"https:\/\/venusfourka.gr\/wp-content\/uploads\/2026\/04\/Line-B.webp\" class=\"attachment-full size-full wp-image-616\" alt=\"\" srcset=\"https:\/\/venusfourka.gr\/wp-content\/uploads\/2026\/04\/Line-B.webp 85w, https:\/\/venusfourka.gr\/wp-content\/uploads\/2026\/04\/Line-B-15x12.webp 15w\" sizes=\"(max-width: 85px) 100vw, 85px\" title=\"\">\t\t\t\t\t\t<\/div>\r\n\t\t\t\t\t\t<\/div>\n\t\t\t\t<\/div>\n\t\t\t\t<\/div>\n\t\t<div class=\"elementor-element elementor-element-4ae0b3fc e-con-full e-flex wcf-starter-animations-none e-con e-child\" data-id=\"4ae0b3fc\" data-element_type=\"container\" data-e-type=\"container\">\n\t\t\t\t<div class=\"elementor-element elementor-element-3f0e5c06 wcf-starter-animations-none elementor-widget elementor-widget-wcf--image\" data-id=\"3f0e5c06\" data-element_type=\"widget\" data-e-type=\"widget\" data-settings=\"{&quot;wcf_starter_animations&quot;:&quot;none&quot;,&quot;wcf_anim_duration&quot;:1000,&quot;wcf_anim_delay&quot;:0,&quot;wcf_anim_ease&quot;:&quot;ease&quot;}\" data-widget_type=\"wcf--image.default\">\n\t\t\t\t<div class=\"elementor-widget-container\">\n\t\t\t\t\t\t\t<div class=\"wcf--image\">\r\n\t\t\t\t\t\t\t<img loading=\"lazy\" decoding=\"async\" width=\"960\" height=\"600\" src=\"https:\/\/venusfourka.gr\/wp-content\/uploads\/2026\/04\/HAL_KASSANDRA_afitos-17.jpg\" class=\"attachment-full size-full wp-image-883\" alt=\"\" srcset=\"https:\/\/venusfourka.gr\/wp-content\/uploads\/2026\/04\/HAL_KASSANDRA_afitos-17.jpg 960w, https:\/\/venusfourka.gr\/wp-content\/uploads\/2026\/04\/HAL_KASSANDRA_afitos-17-300x188.jpg 300w, https:\/\/venusfourka.gr\/wp-content\/uploads\/2026\/04\/HAL_KASSANDRA_afitos-17-768x480.jpg 768w, https:\/\/venusfourka.gr\/wp-content\/uploads\/2026\/04\/HAL_KASSANDRA_afitos-17-18x12.jpg 18w\" sizes=\"(max-width: 960px) 100vw, 960px\" title=\"\">\t\t\t\t\t\t<\/div>\r\n\t\t\t\t\t\t<\/div>\n\t\t\t\t<\/div>\n\t\t\t\t<\/div>\n\t\t\t\t\t<\/div>\n\t\t\t\t<\/div>\n\t\t<div class=\"elementor-element elementor-element-c51de6e e-flex e-con-boxed wcf-starter-animations-none e-con e-parent\" data-id=\"c51de6e\" data-element_type=\"container\" data-e-type=\"container\" data-settings=\"{&quot;background_background&quot;:&quot;classic&quot;}\">\n\t\t\t\t\t<div class=\"e-con-inner\">\n\t\t<div class=\"elementor-element elementor-element-6734bf0 e-con-full e-flex wcf-starter-animations-none e-con e-child\" data-id=\"6734bf0\" data-element_type=\"container\" data-e-type=\"container\">\n\t\t\t\t<div class=\"elementor-element elementor-element-03ec838 wcf-starter-animations-none elementor-widget elementor-widget-wcf--image\" data-id=\"03ec838\" data-element_type=\"widget\" data-e-type=\"widget\" data-settings=\"{&quot;wcf_starter_animations&quot;:&quot;none&quot;,&quot;wcf_anim_duration&quot;:1000,&quot;wcf_anim_delay&quot;:0,&quot;wcf_anim_ease&quot;:&quot;ease&quot;}\" data-widget_type=\"wcf--image.default\">\n\t\t\t\t<div class=\"elementor-widget-container\">\n\t\t\t\t\t\t\t<div class=\"wcf--image\">\r\n\t\t\t\t\t\t\t<img loading=\"lazy\" decoding=\"async\" width=\"870\" height=\"500\" src=\"https:\/\/venusfourka.gr\/wp-content\/uploads\/2026\/04\/kassandra-halkidiki-1.jpg\" class=\"attachment-full size-full wp-image-884\" alt=\"\" srcset=\"https:\/\/venusfourka.gr\/wp-content\/uploads\/2026\/04\/kassandra-halkidiki-1.jpg 870w, https:\/\/venusfourka.gr\/wp-content\/uploads\/2026\/04\/kassandra-halkidiki-1-300x172.jpg 300w, https:\/\/venusfourka.gr\/wp-content\/uploads\/2026\/04\/kassandra-halkidiki-1-768x441.jpg 768w, https:\/\/venusfourka.gr\/wp-content\/uploads\/2026\/04\/kassandra-halkidiki-1-18x10.jpg 18w\" sizes=\"(max-width: 870px) 100vw, 870px\" title=\"\">\t\t\t\t\t\t<\/div>\r\n\t\t\t\t\t\t<\/div>\n\t\t\t\t<\/div>\n\t\t\t\t<\/div>\n\t\t<div class=\"elementor-element elementor-element-793c048 e-con-full e-flex wcf-starter-animations-none e-con e-child\" data-id=\"793c048\" data-element_type=\"container\" data-e-type=\"container\">\n\t\t\t\t<div class=\"elementor-element elementor-element-7c3d025 elementor-widget__width-inherit wcf-starter-animations-none elementor-widget elementor-widget-wcf--title\" data-id=\"7c3d025\" data-element_type=\"widget\" data-e-type=\"widget\" data-settings=\"{&quot;wcf_starter_animations&quot;:&quot;none&quot;,&quot;wcf_anim_duration&quot;:1000,&quot;wcf_anim_delay&quot;:0,&quot;wcf_anim_ease&quot;:&quot;ease&quot;}\" data-widget_type=\"wcf--title.default\">\n\t\t\t\t<div class=\"elementor-widget-container\">\n\t\t\t\t\t<h2 class=\"wcf--title\">Halbtagesausfl\u00fcge (30\u201360 Minuten)<\/h2>\t\t\t\t<\/div>\n\t\t\t\t<\/div>\n\t\t\t\t<div class=\"elementor-element elementor-element-c22bee8 wcf-starter-animations-skew-reveal wcf-repeat-no elementor-widget elementor-widget-wcf--text\" data-id=\"c22bee8\" data-element_type=\"widget\" data-e-type=\"widget\" data-settings=\"{&quot;wcf_starter_animations&quot;:&quot;skew-reveal&quot;,&quot;wcf_anim_duration&quot;:1000,&quot;wcf_anim_delay&quot;:0,&quot;wcf_anim_ease&quot;:&quot;ease&quot;,&quot;wcf_repeat_on_enter&quot;:&quot;no&quot;}\" data-widget_type=\"wcf--text.default\">\n\t\t\t\t<div class=\"elementor-widget-container\">\n\t\t\t\t\t<div class=\"wcf--text\"><ul><li><p>Pefkochori &amp; Kallithea (ca. 30\u201345 Min.) Entlang der Ostk\u00fcste Richtung S\u00fcden erwarten Sie lebhafte Str\u00e4nde mit Wassersportm\u00f6glichkeiten, Strandbars und einer pulsierenden Atmosph\u00e4re. Ideal f\u00fcr alle, die Entspannung und Action gleicherma\u00dfen suchen.<\/p><\/li><li><p>Sani-Gebiet (ca. 40\u201350 Min.) Erkunden Sie das exklusive Sani Resort mit seinem Jachthafen, den Luxusgesch\u00e4ften und dem wundersch\u00f6nen, gepflegten Strand. Ideal f\u00fcr einen anspruchsvollen Tagesausflug mit gehobener Gastronomie.<\/p><\/li><li><p>Kryopigi &amp; Versteckte Buchten (\u2248 35 Min.) Entdecken Sie von Pinien beschattete Str\u00e4nde und ruhige Pl\u00e4tze, die sich unter den Klippen verbergen \u2013 perfekt zum Schnorcheln und f\u00fcr entspanntes Schwimmen.<\/p><\/li><\/ul><\/div>\t\t\t\t<\/div>\n\t\t\t\t<\/div>\n\t\t\t\t<div class=\"elementor-element elementor-element-ae726d2 elementor-absolute elementor-hidden-mobile wcf-starter-animations-none elementor-widget elementor-widget-wcf--image\" data-id=\"ae726d2\" data-element_type=\"widget\" data-e-type=\"widget\" data-settings=\"{&quot;_position&quot;:&quot;absolute&quot;,&quot;wcf_starter_animations&quot;:&quot;none&quot;,&quot;wcf_anim_duration&quot;:1000,&quot;wcf_anim_delay&quot;:0,&quot;wcf_anim_ease&quot;:&quot;ease&quot;}\" data-widget_type=\"wcf--image.default\">\n\t\t\t\t<div class=\"elementor-widget-container\">\n\t\t\t\t\t\t\t<div class=\"wcf--image\">\r\n\t\t\t\t\t\t\t<img decoding=\"async\" width=\"85\" height=\"69\" src=\"https:\/\/venusfourka.gr\/wp-content\/uploads\/2026\/04\/Line-B.webp\" class=\"attachment-full size-full wp-image-616\" alt=\"\" srcset=\"https:\/\/venusfourka.gr\/wp-content\/uploads\/2026\/04\/Line-B.webp 85w, https:\/\/venusfourka.gr\/wp-content\/uploads\/2026\/04\/Line-B-15x12.webp 15w\" sizes=\"(max-width: 85px) 100vw, 85px\" title=\"\">\t\t\t\t\t\t<\/div>\r\n\t\t\t\t\t\t<\/div>\n\t\t\t\t<\/div>\n\t\t\t\t<\/div>\n\t\t\t\t\t<\/div>\n\t\t\t\t<\/div>\n\t\t\t\t<\/div>","protected":false},"excerpt":{"rendered":"<p>Where Every Stay is an Unforgettable Journey know more aboutEnjoy our Adventures Hotel Venus is ideally located in Skala Fourka, making it the perfect base for memorable road trips across the beautiful Kassandra Peninsula and beyond. Rent a car (we can help arrange it) and discover stunning beaches, charming villages, ancient sites, and breathtaking views [&hellip;]<\/p>\n","protected":false},"author":1,"featured_media":0,"parent":0,"menu_order":0,"comment_status":"closed","ping_status":"closed","template":"","meta":{"footnotes":""},"class_list":["post-861","page","type-page","status-publish","hentry"],"_links":{"self":[{"href":"https:\/\/venusfourka.gr\/de\/wp-json\/wp\/v2\/pages\/861","targetHints":{"allow":["GET"]}}],"collection":[{"href":"https:\/\/venusfourka.gr\/de\/wp-json\/wp\/v2\/pages"}],"about":[{"href":"https:\/\/venusfourka.gr\/de\/wp-json\/wp\/v2\/types\/page"}],"author":[{"embeddable":true,"href":"https:\/\/venusfourka.gr\/de\/wp-json\/wp\/v2\/users\/1"}],"replies":[{"embeddable":true,"href":"https:\/\/venusfourka.gr\/de\/wp-json\/wp\/v2\/comments?post=861"}],"version-history":[{"count":19,"href":"https:\/\/venusfourka.gr\/de\/wp-json\/wp\/v2\/pages\/861\/revisions"}],"predecessor-version":[{"id":887,"href":"https:\/\/venusfourka.gr\/de\/wp-json\/wp\/v2\/pages\/861\/revisions\/887"}],"wp:attachment":[{"href":"https:\/\/venusfourka.gr\/de\/wp-json\/wp\/v2\/media?parent=861"}],"curies":[{"name":"wp","href":"https:\/\/api.w.org\/{rel}","templated":true}]}}