{"id":275,"date":"2026-04-03T18:18:19","date_gmt":"2026-04-03T18:18:19","guid":{"rendered":"https:\/\/venusfourka.gr\/?page_id=275"},"modified":"2026-04-09T16:55:35","modified_gmt":"2026-04-09T16:55:35","slug":"um","status":"publish","type":"page","link":"https:\/\/venusfourka.gr\/de\/about\/","title":{"rendered":"Um"},"content":{"rendered":"<div data-elementor-type=\"wp-page\" data-elementor-id=\"275\" class=\"elementor elementor-275\" data-elementor-post-type=\"page\">\n\t\t\t\t<div class=\"elementor-element elementor-element-4fec85c6 service_card e-con-full e-flex wcf-starter-animations-none e-con e-parent\" data-id=\"4fec85c6\" data-element_type=\"container\" data-e-type=\"container\" data-settings=\"{&quot;background_background&quot;:&quot;classic&quot;}\">\n\t\t<div class=\"elementor-element elementor-element-25c4404 e-flex e-con-boxed wcf-starter-animations-none e-con e-child\" data-id=\"25c4404\" data-element_type=\"container\" data-e-type=\"container\">\n\t\t\t\t\t<div class=\"e-con-inner\">\n\t\t<div class=\"elementor-element elementor-element-27c7411 e-con-full e-flex wcf-starter-animations-none e-con e-child\" data-id=\"27c7411\" data-element_type=\"container\" data-e-type=\"container\">\n\t\t<div class=\"elementor-element elementor-element-1062868 e-con-full glass-container e-flex wcf-starter-animations-none e-con e-child\" data-id=\"1062868\" data-element_type=\"container\" data-e-type=\"container\" data-settings=\"{&quot;background_background&quot;:&quot;classic&quot;}\">\n\t\t\t\t<div class=\"elementor-element elementor-element-2446214 wcf-starter-animations-none elementor-widget elementor-widget-wcf--title\" data-id=\"2446214\" data-element_type=\"widget\" data-e-type=\"widget\" data-settings=\"{&quot;wcf_starter_animations&quot;:&quot;none&quot;,&quot;wcf_anim_duration&quot;:1000,&quot;wcf_anim_delay&quot;:0,&quot;wcf_anim_ease&quot;:&quot;ease&quot;}\" data-widget_type=\"wcf--title.default\">\n\t\t\t\t<div class=\"elementor-widget-container\">\n\t\t\t\t\t<h2 class=\"wcf--title\">Wo jeder Aufenthalt ist <br>eine unvergessliche Reise\n<\/h2>\t\t\t\t<\/div>\n\t\t\t\t<\/div>\n\t\t\t\t<\/div>\n\t\t\t\t<\/div>\n\t\t<div class=\"elementor-element elementor-element-a0e62f9 e-con-full elementor-hidden-mobile e-flex wcf-starter-animations-none e-con e-child\" data-id=\"a0e62f9\" data-element_type=\"container\" data-e-type=\"container\">\n\t\t\t\t<\/div>\n\t\t\t\t\t<\/div>\n\t\t\t\t<\/div>\n\t\t\t\t<\/div>\n\t\t<div class=\"elementor-element elementor-element-11288956 e-flex e-con-boxed wcf-starter-animations-none e-con e-parent\" data-id=\"11288956\" data-element_type=\"container\" data-e-type=\"container\">\n\t\t\t\t\t<div class=\"e-con-inner\">\n\t\t<div class=\"elementor-element elementor-element-51a1d21b e-con-full e-flex wcf-starter-animations-none e-con e-child\" data-id=\"51a1d21b\" data-element_type=\"container\" data-e-type=\"container\">\n\t\t\t\t<div class=\"elementor-element elementor-element-1f0258f7 elementor-widget__width-initial wcf-starter-animations-none elementor-widget elementor-widget-wcf--title\" data-id=\"1f0258f7\" data-element_type=\"widget\" data-e-type=\"widget\" data-settings=\"{&quot;wcf_starter_animations&quot;:&quot;none&quot;,&quot;wcf_anim_duration&quot;:1000,&quot;wcf_anim_delay&quot;:0,&quot;wcf_anim_ease&quot;:&quot;ease&quot;}\" data-widget_type=\"wcf--title.default\">\n\t\t\t\t<div class=\"elementor-widget-container\">\n\t\t\t\t\t<span class=\"prefix_on_normal wcf--title\">mehr erfahren \u00fcber<\/span>\t\t\t\t<\/div>\n\t\t\t\t<\/div>\n\t\t<div class=\"elementor-element elementor-element-7a9ae2ec e-con-full e-flex wcf-starter-animations-none e-con e-child\" data-id=\"7a9ae2ec\" data-element_type=\"container\" data-e-type=\"container\">\n\t\t\t\t<div class=\"elementor-element elementor-element-4eb8550d elementor-widget__width-inherit wcf-starter-animations-none elementor-widget elementor-widget-wcf--title\" data-id=\"4eb8550d\" data-element_type=\"widget\" data-e-type=\"widget\" data-settings=\"{&quot;wcf_starter_animations&quot;:&quot;none&quot;,&quot;wcf_anim_duration&quot;:1000,&quot;wcf_anim_delay&quot;:0,&quot;wcf_anim_ease&quot;:&quot;ease&quot;}\" data-widget_type=\"wcf--title.default\">\n\t\t\t\t<div class=\"elementor-widget-container\">\n\t\t\t\t\t<h2 class=\"wcf--title\">Unsere Mission, Menschentr\u00e4ume zu verwirklichen<\/h2>\t\t\t\t<\/div>\n\t\t\t\t<\/div>\n\t\t\t\t<\/div>\n\t\t\t\t<\/div>\n\t\t<div class=\"elementor-element elementor-element-68f9712e e-con-full e-flex wcf-starter-animations-none e-con e-child\" data-id=\"68f9712e\" data-element_type=\"container\" data-e-type=\"container\">\n\t\t<div class=\"elementor-element elementor-element-817e066 e-con-full e-flex wcf-starter-animations-none e-con e-child\" data-id=\"817e066\" data-element_type=\"container\" data-e-type=\"container\">\n\t\t\t\t<div class=\"elementor-element elementor-element-634239e6 wcf-starter-animations-none elementor-widget elementor-widget-wcf--image\" data-id=\"634239e6\" data-element_type=\"widget\" data-e-type=\"widget\" data-settings=\"{&quot;wcf_starter_animations&quot;:&quot;none&quot;,&quot;wcf_anim_duration&quot;:1000,&quot;wcf_anim_delay&quot;:0,&quot;wcf_anim_ease&quot;:&quot;ease&quot;}\" data-widget_type=\"wcf--image.default\">\n\t\t\t\t<div class=\"elementor-widget-container\">\n\t\t\t\t\t\t\t<div class=\"wcf--image\">\r\n\t\t\t\t\t\t\t<img fetchpriority=\"high\" decoding=\"async\" width=\"1280\" height=\"959\" src=\"https:\/\/venusfourka.gr\/wp-content\/uploads\/2026\/04\/venus17_179076_1500x0.png\" class=\"attachment-full size-full wp-image-221\" alt=\"\" srcset=\"https:\/\/venusfourka.gr\/wp-content\/uploads\/2026\/04\/venus17_179076_1500x0.png 1280w, https:\/\/venusfourka.gr\/wp-content\/uploads\/2026\/04\/venus17_179076_1500x0-300x225.png 300w, https:\/\/venusfourka.gr\/wp-content\/uploads\/2026\/04\/venus17_179076_1500x0-1024x767.png 1024w, https:\/\/venusfourka.gr\/wp-content\/uploads\/2026\/04\/venus17_179076_1500x0-768x575.png 768w\" sizes=\"(max-width: 1280px) 100vw, 1280px\" title=\"\">\t\t\t\t\t\t<\/div>\r\n\t\t\t\t\t\t<\/div>\n\t\t\t\t<\/div>\n\t\t\t\t<\/div>\n\t\t<div class=\"elementor-element elementor-element-16cb13eb e-con-full e-flex wcf-starter-animations-none e-con e-child\" data-id=\"16cb13eb\" data-element_type=\"container\" data-e-type=\"container\">\n\t\t\t\t<div class=\"elementor-element elementor-element-6db52565 wcf-starter-animations-skew-reveal wcf-repeat-no elementor-widget elementor-widget-wcf--text\" data-id=\"6db52565\" data-element_type=\"widget\" data-e-type=\"widget\" data-settings=\"{&quot;wcf_starter_animations&quot;:&quot;skew-reveal&quot;,&quot;wcf_anim_duration&quot;:1000,&quot;wcf_anim_delay&quot;:0,&quot;wcf_anim_ease&quot;:&quot;ease&quot;,&quot;wcf_repeat_on_enter&quot;:&quot;no&quot;}\" data-widget_type=\"wcf--text.default\">\n\t\t\t\t<div class=\"elementor-widget-container\">\n\t\t\t\t\t<div class=\"wcf--text\"><p dir=\"auto\">Seit vielen Jahren ist das Hotel Venus f\u00fcr Reisende, die Ruhe und Erholung im wundersch\u00f6nen Chalkidiki suchen, ein zweites Zuhause.<\/p><p dir=\"auto\">Mitten im Herzen von Skala Fourka und nur wenige Schritte vom Strand von Fourka entfernt, vereint unser familiengef\u00fchrtes Aparthotel Komfort, Bequemlichkeit und herzliche griechische Gastfreundschaft. Mit nur 24 Zimmern garantieren wir jedem Gast individuelle Betreuung in entspannter Atmosph\u00e4re mit Meerblick, einem erfrischenden Pool und k\u00f6stlichen regionalen Spezialit\u00e4ten.<\/p><p dir=\"auto\">Kommen Sie und erleben Sie selbst, warum so viele Besucher ihren Aufenthalt bei uns als etwas ganz Besonderes beschreiben.<\/p><\/div>\t\t\t\t<\/div>\n\t\t\t\t<\/div>\n\t\t<div class=\"elementor-element elementor-element-733551d2 e-con-full e-flex wcf-starter-animations-none e-con e-child\" data-id=\"733551d2\" data-element_type=\"container\" data-e-type=\"container\">\n\t\t\t\t<div class=\"elementor-element elementor-element-5253c5a4 wcf-starter-animations-none elementor-widget elementor-widget-wcf--image\" data-id=\"5253c5a4\" data-element_type=\"widget\" data-e-type=\"widget\" data-settings=\"{&quot;wcf_starter_animations&quot;:&quot;none&quot;,&quot;wcf_anim_duration&quot;:1000,&quot;wcf_anim_delay&quot;:0,&quot;wcf_anim_ease&quot;:&quot;ease&quot;}\" data-widget_type=\"wcf--image.default\">\n\t\t\t\t<div class=\"elementor-widget-container\">\n\t\t\t\t\t\t\t<div class=\"wcf--image\">\r\n\t\t\t\t\t\t\t<img decoding=\"async\" width=\"2400\" height=\"1589\" src=\"https:\/\/venusfourka.gr\/wp-content\/uploads\/2026\/04\/Gemini_Generated_Image_1fpbdu1fpbdu1fpb-Photoroom.png\" class=\"attachment-full size-full wp-image-614\" alt=\"\" srcset=\"https:\/\/venusfourka.gr\/wp-content\/uploads\/2026\/04\/Gemini_Generated_Image_1fpbdu1fpbdu1fpb-Photoroom.png 2400w, https:\/\/venusfourka.gr\/wp-content\/uploads\/2026\/04\/Gemini_Generated_Image_1fpbdu1fpbdu1fpb-Photoroom-300x199.png 300w, https:\/\/venusfourka.gr\/wp-content\/uploads\/2026\/04\/Gemini_Generated_Image_1fpbdu1fpbdu1fpb-Photoroom-1024x678.png 1024w, https:\/\/venusfourka.gr\/wp-content\/uploads\/2026\/04\/Gemini_Generated_Image_1fpbdu1fpbdu1fpb-Photoroom-768x508.png 768w, https:\/\/venusfourka.gr\/wp-content\/uploads\/2026\/04\/Gemini_Generated_Image_1fpbdu1fpbdu1fpb-Photoroom-1536x1017.png 1536w, https:\/\/venusfourka.gr\/wp-content\/uploads\/2026\/04\/Gemini_Generated_Image_1fpbdu1fpbdu1fpb-Photoroom-2048x1356.png 2048w, https:\/\/venusfourka.gr\/wp-content\/uploads\/2026\/04\/Gemini_Generated_Image_1fpbdu1fpbdu1fpb-Photoroom-18x12.png 18w\" sizes=\"(max-width: 2400px) 100vw, 2400px\" title=\"\">\t\t\t\t\t\t<\/div>\r\n\t\t\t\t\t\t<\/div>\n\t\t\t\t<\/div>\n\t\t\t\t<\/div>\n\t\t\t\t<\/div>\n\t\t\t\t<\/div>\n\t\t\t\t\t<\/div>\n\t\t\t\t<\/div>\n\t\t<div class=\"elementor-element elementor-element-57548140 e-flex e-con-boxed wcf-starter-animations-none e-con e-parent\" data-id=\"57548140\" data-element_type=\"container\" data-e-type=\"container\" data-settings=\"{&quot;background_background&quot;:&quot;classic&quot;}\">\n\t\t\t\t\t<div class=\"e-con-inner\">\n\t\t<div class=\"elementor-element elementor-element-751ee738 e-con-full e-flex wcf-starter-animations-none e-con e-child\" data-id=\"751ee738\" data-element_type=\"container\" data-e-type=\"container\">\n\t\t\t\t<div class=\"elementor-element elementor-element-3d644e5f elementor-widget__width-inherit wcf-starter-animations-none elementor-widget elementor-widget-wcf--title\" data-id=\"3d644e5f\" data-element_type=\"widget\" data-e-type=\"widget\" data-settings=\"{&quot;wcf_starter_animations&quot;:&quot;none&quot;,&quot;wcf_anim_duration&quot;:1000,&quot;wcf_anim_delay&quot;:0,&quot;wcf_anim_ease&quot;:&quot;ease&quot;}\" data-widget_type=\"wcf--title.default\">\n\t\t\t\t<div class=\"elementor-widget-container\">\n\t\t\t\t\t<h2 class=\"wcf--title\">Warum unsere G\u00e4ste uns lieben<\/h2>\t\t\t\t<\/div>\n\t\t\t\t<\/div>\n\t\t\t\t<div class=\"elementor-element elementor-element-17bfebb wcf-starter-animations-skew-reveal wcf-repeat-no elementor-widget elementor-widget-wcf--text\" data-id=\"17bfebb\" data-element_type=\"widget\" data-e-type=\"widget\" data-settings=\"{&quot;wcf_starter_animations&quot;:&quot;skew-reveal&quot;,&quot;wcf_anim_duration&quot;:1000,&quot;wcf_anim_delay&quot;:0,&quot;wcf_anim_ease&quot;:&quot;ease&quot;,&quot;wcf_repeat_on_enter&quot;:&quot;no&quot;}\" data-widget_type=\"wcf--text.default\">\n\t\t\t\t<div class=\"elementor-widget-container\">\n\t\t\t\t\t<div class=\"wcf--text\"><p dir=\"auto\">Unsere G\u00e4ste loben immer wieder die <strong>Sauberkeit<\/strong>, <strong>freundliches Personal<\/strong>, <strong>hervorragende Lage<\/strong>, Und <strong>hervorragendes Preis-Leistungs-Verh\u00e4ltnis<\/strong> F\u00fcr Geld. Wir sind stolz darauf, eine einladende Atmosph\u00e4re zu schaffen, in der an jedes Detail gedacht wird, damit Sie sich ganz auf unvergessliche Erinnerungen konzentrieren k\u00f6nnen.<\/p><p dir=\"auto\">Im Hotel Venus glauben wir, dass die sch\u00f6nsten Urlaube diejenigen sind, in denen man sich entspannt und gut betreut f\u00fchlt und die Sch\u00f6nheit Griechenlands genie\u00dfen kann.<\/p><p dir=\"auto\">Wir freuen uns darauf, Sie bald begr\u00fc\u00dfen zu d\u00fcrfen!<\/p><\/div>\t\t\t\t<\/div>\n\t\t\t\t<\/div>\n\t\t\t\t<div class=\"elementor-element elementor-element-8e62eca elementor-widget__width-inherit wcf-starter-animations-none elementor-widget elementor-widget-heading\" data-id=\"8e62eca\" data-element_type=\"widget\" data-e-type=\"widget\" data-settings=\"{&quot;wcf_starter_animations&quot;:&quot;none&quot;,&quot;wcf_anim_duration&quot;:1000,&quot;wcf_anim_delay&quot;:0,&quot;wcf_anim_ease&quot;:&quot;ease&quot;}\" data-widget_type=\"heading.default\">\n\t\t\t\t\t<h2 class=\"elementor-heading-title elementor-size-default\">In jedem Zimmer finden Sie<\/h2>\t\t\t\t<\/div>\n\t\t\t\t<div class=\"elementor-element elementor-element-67a04de elementor-mobile-align-start elementor-icon-list--layout-traditional elementor-list-item-link-full_width elementor-widget elementor-widget-icon-list\" data-id=\"67a04de\" data-element_type=\"widget\" data-e-type=\"widget\" data-widget_type=\"icon-list.default\">\n\t\t\t\t\t\t\t<ul class=\"elementor-icon-list-items\">\n\t\t\t\t\t\t\t<li class=\"elementor-icon-list-item\">\n\t\t\t\t\t\t\t\t\t\t\t<span class=\"elementor-icon-list-icon\">\n\t\t\t\t\t\t\t<svg aria-hidden=\"true\" class=\"e-font-icon-svg e-far-arrow-alt-circle-right\" viewbox=\"0 0 512 512\" xmlns=\"http:\/\/www.w3.org\/2000\/svg\"><path d=\"M504 256C504 119 393 8 256 8S8 119 8 256s111 248 248 248 248-111 248-248zm-448 0c0-110.5 89.5-200 200-200s200 89.5 200 200-89.5 200-200 200S56 366.5 56 256zm72 20v-40c0-6.6 5.4-12 12-12h116v-67c0-10.7 12.9-16 20.5-8.5l99 99c4.7 4.7 4.7 12.3 0 17l-99 99c-7.6 7.6-20.5 2.2-20.5-8.5v-67H140c-6.6 0-12-5.4-12-12z\"><\/path><\/svg>\t\t\t\t\t\t<\/span>\n\t\t\t\t\t\t\t\t\t\t<span class=\"elementor-icon-list-text\">Echte famili\u00e4re Gastfreundschaft<\/span>\n\t\t\t\t\t\t\t\t\t<\/li>\n\t\t\t\t\t\t\t\t<li class=\"elementor-icon-list-item\">\n\t\t\t\t\t\t\t\t\t\t\t<span class=\"elementor-icon-list-icon\">\n\t\t\t\t\t\t\t<svg aria-hidden=\"true\" class=\"e-font-icon-svg e-far-arrow-alt-circle-right\" viewbox=\"0 0 512 512\" xmlns=\"http:\/\/www.w3.org\/2000\/svg\"><path d=\"M504 256C504 119 393 8 256 8S8 119 8 256s111 248 248 248 248-111 248-248zm-448 0c0-110.5 89.5-200 200-200s200 89.5 200 200-89.5 200-200 200S56 366.5 56 256zm72 20v-40c0-6.6 5.4-12 12-12h116v-67c0-10.7 12.9-16 20.5-8.5l99 99c4.7 4.7 4.7 12.3 0 17l-99 99c-7.6 7.6-20.5 2.2-20.5-8.5v-67H140c-6.6 0-12-5.4-12-12z\"><\/path><\/svg>\t\t\t\t\t\t<\/span>\n\t\t\t\t\t\t\t\t\t\t<span class=\"elementor-icon-list-text\">Ruhige und friedliche Lage<\/span>\n\t\t\t\t\t\t\t\t\t<\/li>\n\t\t\t\t\t\t\t\t<li class=\"elementor-icon-list-item\">\n\t\t\t\t\t\t\t\t\t\t\t<span class=\"elementor-icon-list-icon\">\n\t\t\t\t\t\t\t<svg aria-hidden=\"true\" class=\"e-font-icon-svg e-far-arrow-alt-circle-right\" viewbox=\"0 0 512 512\" xmlns=\"http:\/\/www.w3.org\/2000\/svg\"><path d=\"M504 256C504 119 393 8 256 8S8 119 8 256s111 248 248 248 248-111 248-248zm-448 0c0-110.5 89.5-200 200-200s200 89.5 200 200-89.5 200-200 200S56 366.5 56 256zm72 20v-40c0-6.6 5.4-12 12-12h116v-67c0-10.7 12.9-16 20.5-8.5l99 99c4.7 4.7 4.7 12.3 0 17l-99 99c-7.6 7.6-20.5 2.2-20.5-8.5v-67H140c-6.6 0-12-5.4-12-12z\"><\/path><\/svg>\t\t\t\t\t\t<\/span>\n\t\t\t\t\t\t\t\t\t\t<span class=\"elementor-icon-list-text\">Hervorragende Strandn\u00e4he<\/span>\n\t\t\t\t\t\t\t\t\t<\/li>\n\t\t\t\t\t\t\t\t<li class=\"elementor-icon-list-item\">\n\t\t\t\t\t\t\t\t\t\t\t<span class=\"elementor-icon-list-icon\">\n\t\t\t\t\t\t\t<svg aria-hidden=\"true\" class=\"e-font-icon-svg e-far-arrow-alt-circle-right\" viewbox=\"0 0 512 512\" xmlns=\"http:\/\/www.w3.org\/2000\/svg\"><path d=\"M504 256C504 119 393 8 256 8S8 119 8 256s111 248 248 248 248-111 248-248zm-448 0c0-110.5 89.5-200 200-200s200 89.5 200 200-89.5 200-200 200S56 366.5 56 256zm72 20v-40c0-6.6 5.4-12 12-12h116v-67c0-10.7 12.9-16 20.5-8.5l99 99c4.7 4.7 4.7 12.3 0 17l-99 99c-7.6 7.6-20.5 2.2-20.5-8.5v-67H140c-6.6 0-12-5.4-12-12z\"><\/path><\/svg>\t\t\t\t\t\t<\/span>\n\t\t\t\t\t\t\t\t\t\t<span class=\"elementor-icon-list-text\">Ausgezeichnetes Preis-Leistungs-Verh\u00e4ltnis<\/span>\n\t\t\t\t\t\t\t\t\t<\/li>\n\t\t\t\t\t\t<\/ul>\n\t\t\t\t\t\t<\/div>\n\t\t\t\t<div class=\"elementor-element elementor-element-70d91340 elementor-absolute elementor-hidden-mobile wcf-starter-animations-none elementor-widget elementor-widget-wcf--image\" data-id=\"70d91340\" data-element_type=\"widget\" data-e-type=\"widget\" data-settings=\"{&quot;_position&quot;:&quot;absolute&quot;,&quot;wcf_starter_animations&quot;:&quot;none&quot;,&quot;wcf_anim_duration&quot;:1000,&quot;wcf_anim_delay&quot;:0,&quot;wcf_anim_ease&quot;:&quot;ease&quot;}\" data-widget_type=\"wcf--image.default\">\n\t\t\t\t<div class=\"elementor-widget-container\">\n\t\t\t\t\t\t\t<div class=\"wcf--image\">\r\n\t\t\t\t\t\t\t<img decoding=\"async\" width=\"85\" height=\"69\" src=\"https:\/\/venusfourka.gr\/wp-content\/uploads\/2026\/04\/Line-B.webp\" class=\"attachment-full size-full wp-image-616\" alt=\"\" srcset=\"https:\/\/venusfourka.gr\/wp-content\/uploads\/2026\/04\/Line-B.webp 85w, https:\/\/venusfourka.gr\/wp-content\/uploads\/2026\/04\/Line-B-15x12.webp 15w\" sizes=\"(max-width: 85px) 100vw, 85px\" title=\"\">\t\t\t\t\t\t<\/div>\r\n\t\t\t\t\t\t<\/div>\n\t\t\t\t<\/div>\n\t\t\t\t<div class=\"elementor-element elementor-element-49c5a46a elementor-widget elementor-widget-wcf--button\" data-id=\"49c5a46a\" data-element_type=\"widget\" data-e-type=\"widget\" data-widget_type=\"wcf--button.default\">\n\t\t\t\t<div class=\"elementor-widget-container\">\n\t\t\t\t\t\t\t<div class=\"wcf__btn\">\r\n\t\t\t\t\t\t\t<a href=\"https:\/\/templates.animation-addons.com\/roofx\/services\/\" class=\"wcf-btn-default btn-hover-cross\" target=\"_blank\" rel=\"noopener\">\r\n\t\t\t\t\t<svg xmlns=\"http:\/\/www.w3.org\/2000\/svg\" width=\"8\" height=\"8\" viewbox=\"0 0 8 8\" fill=\"\"><circle cx=\"4\" cy=\"4\" r=\"4\" fill=\"\"><\/circle><\/svg>\t\t\t\t\tServices entdecken\t\t\t\t<\/a>\r\n\t\t\t\t\t\t<\/div>\r\n\t\t\t\t\t\t<\/div>\n\t\t\t\t<\/div>\n\t\t\t\t<\/div>\n\t\t<div class=\"elementor-element elementor-element-4ae0b3fc e-con-full e-flex wcf-starter-animations-none e-con e-child\" data-id=\"4ae0b3fc\" data-element_type=\"container\" data-e-type=\"container\">\n\t\t\t\t<div class=\"elementor-element elementor-element-3f0e5c06 wcf-starter-animations-none elementor-widget elementor-widget-wcf--image\" data-id=\"3f0e5c06\" data-element_type=\"widget\" data-e-type=\"widget\" data-settings=\"{&quot;wcf_starter_animations&quot;:&quot;none&quot;,&quot;wcf_anim_duration&quot;:1000,&quot;wcf_anim_delay&quot;:0,&quot;wcf_anim_ease&quot;:&quot;ease&quot;}\" data-widget_type=\"wcf--image.default\">\n\t\t\t\t<div class=\"elementor-widget-container\">\n\t\t\t\t\t\t\t<div class=\"wcf--image\">\r\n\t\t\t\t\t\t\t<img loading=\"lazy\" decoding=\"async\" width=\"1024\" height=\"684\" src=\"https:\/\/venusfourka.gr\/wp-content\/uploads\/2026\/04\/262320928.webp\" class=\"attachment-full size-full wp-image-484\" alt=\"\" srcset=\"https:\/\/venusfourka.gr\/wp-content\/uploads\/2026\/04\/262320928.webp 1024w, https:\/\/venusfourka.gr\/wp-content\/uploads\/2026\/04\/262320928-300x200.webp 300w, https:\/\/venusfourka.gr\/wp-content\/uploads\/2026\/04\/262320928-768x513.webp 768w\" sizes=\"(max-width: 1024px) 100vw, 1024px\" title=\"\">\t\t\t\t\t\t<\/div>\r\n\t\t\t\t\t\t<\/div>\n\t\t\t\t<\/div>\n\t\t\t\t<\/div>\n\t\t\t\t\t<\/div>\n\t\t\t\t<\/div>\n\t\t\t\t<\/div>","protected":false},"excerpt":{"rendered":"<p>Where Every Stay is an Unforgettable Journey know more aboutOur Mission to Realize People Dream For over the years, Hotel Venus has been a home away from home for travelers seeking tranquility in beautiful Chalkidiki. Situated in the heart of Skala Fourka and only steps away from Fourka Beach, our family-owned aparthotel combines comfort, convenience, [&hellip;]<\/p>\n","protected":false},"author":1,"featured_media":0,"parent":0,"menu_order":0,"comment_status":"closed","ping_status":"closed","template":"","meta":{"footnotes":""},"class_list":["post-275","page","type-page","status-publish","hentry"],"_links":{"self":[{"href":"https:\/\/venusfourka.gr\/de\/wp-json\/wp\/v2\/pages\/275","targetHints":{"allow":["GET"]}}],"collection":[{"href":"https:\/\/venusfourka.gr\/de\/wp-json\/wp\/v2\/pages"}],"about":[{"href":"https:\/\/venusfourka.gr\/de\/wp-json\/wp\/v2\/types\/page"}],"author":[{"embeddable":true,"href":"https:\/\/venusfourka.gr\/de\/wp-json\/wp\/v2\/users\/1"}],"replies":[{"embeddable":true,"href":"https:\/\/venusfourka.gr\/de\/wp-json\/wp\/v2\/comments?post=275"}],"version-history":[{"count":130,"href":"https:\/\/venusfourka.gr\/de\/wp-json\/wp\/v2\/pages\/275\/revisions"}],"predecessor-version":[{"id":836,"href":"https:\/\/venusfourka.gr\/de\/wp-json\/wp\/v2\/pages\/275\/revisions\/836"}],"wp:attachment":[{"href":"https:\/\/venusfourka.gr\/de\/wp-json\/wp\/v2\/media?parent=275"}],"curies":[{"name":"wp","href":"https:\/\/api.w.org\/{rel}","templated":true}]}}