{"id":890,"date":"2026-04-09T18:00:23","date_gmt":"2026-04-09T18:00:23","guid":{"rendered":"https:\/\/venusfourka.gr\/?page_id=890"},"modified":"2026-04-10T17:32:07","modified_gmt":"2026-04-10T17:32:07","slug":"blogu","status":"publish","type":"page","link":"https:\/\/venusfourka.gr\/cs\/blog\/","title":{"rendered":"Blog"},"content":{"rendered":"<div data-elementor-type=\"wp-page\" data-elementor-id=\"890\" class=\"elementor elementor-890\" data-elementor-post-type=\"page\">\n\t\t\t\t<div class=\"elementor-element elementor-element-4fec85c6 service_card e-con-full e-flex wcf-starter-animations-none e-con e-parent\" data-id=\"4fec85c6\" data-element_type=\"container\" data-e-type=\"container\" data-settings=\"{&quot;background_background&quot;:&quot;classic&quot;}\">\n\t\t<div class=\"elementor-element elementor-element-25c4404 e-flex e-con-boxed wcf-starter-animations-none e-con e-child\" data-id=\"25c4404\" data-element_type=\"container\" data-e-type=\"container\">\n\t\t\t\t\t<div class=\"e-con-inner\">\n\t\t<div class=\"elementor-element elementor-element-27c7411 e-con-full e-flex wcf-starter-animations-none e-con e-child\" data-id=\"27c7411\" data-element_type=\"container\" data-e-type=\"container\">\n\t\t<div class=\"elementor-element elementor-element-1062868 e-con-full glass-container e-flex wcf-starter-animations-none e-con e-child\" data-id=\"1062868\" data-element_type=\"container\" data-e-type=\"container\" data-settings=\"{&quot;background_background&quot;:&quot;classic&quot;}\">\n\t\t\t\t<div class=\"elementor-element elementor-element-2446214 wcf-starter-animations-none elementor-widget elementor-widget-wcf--title\" data-id=\"2446214\" data-element_type=\"widget\" data-e-type=\"widget\" data-settings=\"{&quot;wcf_starter_animations&quot;:&quot;none&quot;,&quot;wcf_anim_duration&quot;:1000,&quot;wcf_anim_delay&quot;:0,&quot;wcf_anim_ease&quot;:&quot;ease&quot;}\" data-widget_type=\"wcf--title.default\">\n\t\t\t\t<div class=\"elementor-widget-container\">\n\t\t\t\t\t<h2 class=\"wcf--title\">Kde je ka\u017ed\u00fd pobyt <br>Nezapomenuteln\u00e1 cesta\n<\/h2>\t\t\t\t<\/div>\n\t\t\t\t<\/div>\n\t\t\t\t<\/div>\n\t\t\t\t<\/div>\n\t\t<div class=\"elementor-element elementor-element-a0e62f9 e-con-full elementor-hidden-mobile e-flex wcf-starter-animations-none e-con e-child\" data-id=\"a0e62f9\" data-element_type=\"container\" data-e-type=\"container\">\n\t\t\t\t<\/div>\n\t\t\t\t\t<\/div>\n\t\t\t\t<\/div>\n\t\t\t\t<\/div>\n\t\t<div class=\"elementor-element elementor-element-f8879bf e-flex e-con-boxed wcf-starter-animations-none e-con e-parent\" data-id=\"f8879bf\" data-element_type=\"container\" data-e-type=\"container\">\n\t\t\t\t\t<div class=\"e-con-inner\">\n\t\t\t\t<div class=\"elementor-element elementor-element-110b155 wcf--image-effect-zoom-in elementor-widget elementor-widget-wcf--posts\" data-id=\"110b155\" data-element_type=\"widget\" data-e-type=\"widget\" data-widget_type=\"wcf--posts.default\">\n\t\t\t\t<div class=\"elementor-widget-container\">\n\t\t\t\t\t        <div class=\"wcf__posts style-4\">        <div class=\"wcf-posts\">\r\n\t\t        <article class=\"wcf-post post-936 post type-post status-publish format-standard has-post-thumbnail hentry category-uncategorized\">\r\n\t\t\t        <div class=\"thumb\">\r\n            <a href=\"https:\/\/venusfourka.gr\/cs\/best-restaurants-near-hotel-venus-fourka-fresh-seafood-traditional-tavernas-sunset-dining-in-kassandra\/\" aria-label=\"Nejlep\u0161\u00ed restaurace pobl\u00ed\u017e hotelu Venus Fourka: \u010cerstv\u00e9 mo\u0159sk\u00e9 plody, tradi\u010dn\u00ed taverny a ve\u010de\u0159e p\u0159i z\u00e1padu slunce na Kassand\u0159e\">\r\n\t\t\t\t<img fetchpriority=\"high\" decoding=\"async\" width=\"1536\" height=\"900\" src=\"https:\/\/venusfourka.gr\/wp-content\/uploads\/2026\/04\/nice-sunset-and-friendly.jpg\" class=\"attachment-full size-full wp-image-938\" alt=\"\" srcset=\"https:\/\/venusfourka.gr\/wp-content\/uploads\/2026\/04\/nice-sunset-and-friendly.jpg 1536w, https:\/\/venusfourka.gr\/wp-content\/uploads\/2026\/04\/nice-sunset-and-friendly-300x176.jpg 300w, https:\/\/venusfourka.gr\/wp-content\/uploads\/2026\/04\/nice-sunset-and-friendly-1024x600.jpg 1024w, https:\/\/venusfourka.gr\/wp-content\/uploads\/2026\/04\/nice-sunset-and-friendly-768x450.jpg 768w, https:\/\/venusfourka.gr\/wp-content\/uploads\/2026\/04\/nice-sunset-and-friendly-18x12.jpg 18w\" sizes=\"(max-width: 1536px) 100vw, 1536px\" title=\"\">            <\/a>\r\n        <\/div>\r\n\t\t\r\n            <div class=\"content\">\r\n\t\t\t\t        <ul class=\"wcf-meta\">\r\n\t\t\t        <\/ul>\r\n\t\t        <h3 class=\"title\">\r\n        <a href=\"https:\/\/venusfourka.gr\/cs\/best-restaurants-near-hotel-venus-fourka-fresh-seafood-traditional-tavernas-sunset-dining-in-kassandra\/\">\r\n\t\t\t<span class=\"highlight\"><\/span> Nejlep\u0161\u00ed restaurace pobl\u00ed\u017e hotelu Venus Fourka: \u010cerstv\u00e9 mo\u0159sk\u00e9 plody, tradi\u010dn\u00ed taverny a ve\u010de\u0159e p\u0159i z\u00e1padu slunce na Kassand\u0159e        <\/a>\r\n        <\/h3>\r\n\t\t        <div class=\"desc\">\r\n\t\t\t<p>Jednou z nejv\u011bt\u0161\u00edch radost\u00ed z pobytu v hotelu Venus ve Sk\u00e1le Fource je, jak snadno si ho u\u017eijete.        <\/div>\r\n\t\t\r\n        <a class=\"link left\"\r\n           href=\"https:\/\/venusfourka.gr\/cs\/best-restaurants-near-hotel-venus-fourka-fresh-seafood-traditional-tavernas-sunset-dining-in-kassandra\/\"\r\n           tabindex=\"-1\">\r\n            <span class=\"screen-reader-text\">Read more about Best Restaurants Near Hotel Venus Fourka: Fresh Seafood, Traditional Tavernas &amp; Sunset Dining in Kassandra<\/span>\r\n\t\t\t\t\t\t\u010c\u00edst d\u00e1le        <\/a>\r\n\t\t            <\/div>\r\n        <\/article>\r\n\t\t        <article class=\"wcf-post post-933 post type-post status-publish format-standard has-post-thumbnail hentry category-uncategorized\">\r\n\t\t\t        <div class=\"thumb\">\r\n            <a href=\"https:\/\/venusfourka.gr\/cs\/best-beaches-near-hotel-venus-fourka-your-practical-guide-to-kassandras-hidden-gems-popular-spots\/\" aria-label=\"Nejlep\u0161\u00ed pl\u00e1\u017ee pobl\u00ed\u017e hotelu Venus Fourka: V\u00e1\u0161 praktick\u00fd pr\u016fvodce skryt\u00fdmi poklady a obl\u00edben\u00fdmi m\u00edsty Kassandry\">\r\n\t\t\t\t<img decoding=\"async\" width=\"1920\" height=\"1274\" src=\"https:\/\/venusfourka.gr\/wp-content\/uploads\/2026\/04\/halkidiki-hotels-beaches-2.jpg\" class=\"attachment-full size-full wp-image-935\" alt=\"\" srcset=\"https:\/\/venusfourka.gr\/wp-content\/uploads\/2026\/04\/halkidiki-hotels-beaches-2.jpg 1920w, https:\/\/venusfourka.gr\/wp-content\/uploads\/2026\/04\/halkidiki-hotels-beaches-2-300x199.jpg 300w, https:\/\/venusfourka.gr\/wp-content\/uploads\/2026\/04\/halkidiki-hotels-beaches-2-1024x679.jpg 1024w, https:\/\/venusfourka.gr\/wp-content\/uploads\/2026\/04\/halkidiki-hotels-beaches-2-768x510.jpg 768w, https:\/\/venusfourka.gr\/wp-content\/uploads\/2026\/04\/halkidiki-hotels-beaches-2-1536x1019.jpg 1536w, https:\/\/venusfourka.gr\/wp-content\/uploads\/2026\/04\/halkidiki-hotels-beaches-2-18x12.jpg 18w\" sizes=\"(max-width: 1920px) 100vw, 1920px\" title=\"\">            <\/a>\r\n        <\/div>\r\n\t\t\r\n            <div class=\"content\">\r\n\t\t\t\t        <ul class=\"wcf-meta\">\r\n\t\t\t        <\/ul>\r\n\t\t        <h3 class=\"title\">\r\n        <a href=\"https:\/\/venusfourka.gr\/cs\/best-beaches-near-hotel-venus-fourka-your-practical-guide-to-kassandras-hidden-gems-popular-spots\/\">\r\n\t\t\t<span class=\"highlight\"><\/span> Nejlep\u0161\u00ed pl\u00e1\u017ee pobl\u00ed\u017e hotelu Venus Fourka: V\u00e1\u0161 praktick\u00fd pr\u016fvodce skryt\u00fdmi poklady a obl\u00edben\u00fdmi m\u00edsty Kassandry        <\/a>\r\n        <\/h3>\r\n\t\t        <div class=\"desc\">\r\n\t\t\t<p>Pobyt v hotelu Venus ve Sk\u00e1la Fource se nach\u00e1z\u00ed na skv\u011bl\u00e9m m\u00edst\u011b pro n\u00e1v\u0161t\u011bvu pl\u00e1\u017e\u00ed na z\u00e1padn\u00ed stran\u011b ostrova...        <\/div>\r\n\t\t\r\n        <a class=\"link left\"\r\n           href=\"https:\/\/venusfourka.gr\/cs\/best-beaches-near-hotel-venus-fourka-your-practical-guide-to-kassandras-hidden-gems-popular-spots\/\"\r\n           tabindex=\"-1\">\r\n            <span class=\"screen-reader-text\">Read more about Best Beaches Near Hotel Venus Fourka: Your Practical Guide to Kassandra\u2019s Hidden Gems &amp; Popular Spots<\/span>\r\n\t\t\t\t\t\t\u010c\u00edst d\u00e1le        <\/a>\r\n\t\t            <\/div>\r\n        <\/article>\r\n\t\t        <article class=\"wcf-post post-930 post type-post status-publish format-standard has-post-thumbnail hentry category-uncategorized\">\r\n\t\t\t        <div class=\"thumb\">\r\n            <a href=\"https:\/\/venusfourka.gr\/cs\/road-trip-adventures-from-hotel-venus-fourka-exploring-kassandra-peninsula-by-car\/\" aria-label=\"Dobrodru\u017en\u00e9 v\u00fdlety z hotelu Venus Fourka: Objevov\u00e1n\u00ed poloostrova Kassandra autem\">\r\n\t\t\t\t<img decoding=\"async\" width=\"2048\" height=\"1365\" src=\"https:\/\/venusfourka.gr\/wp-content\/uploads\/2026\/04\/skala-fourka-kassandra-11.jpg\" class=\"attachment-full size-full wp-image-932\" alt=\"\" srcset=\"https:\/\/venusfourka.gr\/wp-content\/uploads\/2026\/04\/skala-fourka-kassandra-11.jpg 2048w, https:\/\/venusfourka.gr\/wp-content\/uploads\/2026\/04\/skala-fourka-kassandra-11-300x200.jpg 300w, https:\/\/venusfourka.gr\/wp-content\/uploads\/2026\/04\/skala-fourka-kassandra-11-1024x683.jpg 1024w, https:\/\/venusfourka.gr\/wp-content\/uploads\/2026\/04\/skala-fourka-kassandra-11-768x512.jpg 768w, https:\/\/venusfourka.gr\/wp-content\/uploads\/2026\/04\/skala-fourka-kassandra-11-1536x1024.jpg 1536w, https:\/\/venusfourka.gr\/wp-content\/uploads\/2026\/04\/skala-fourka-kassandra-11-18x12.jpg 18w\" sizes=\"(max-width: 2048px) 100vw, 2048px\" title=\"\">            <\/a>\r\n        <\/div>\r\n\t\t\r\n            <div class=\"content\">\r\n\t\t\t\t        <ul class=\"wcf-meta\">\r\n\t\t\t        <\/ul>\r\n\t\t        <h3 class=\"title\">\r\n        <a href=\"https:\/\/venusfourka.gr\/cs\/road-trip-adventures-from-hotel-venus-fourka-exploring-kassandra-peninsula-by-car\/\">\r\n\t\t\t<span class=\"highlight\"><\/span> Dobrodru\u017en\u00e9 v\u00fdlety z hotelu Venus Fourka: Objevov\u00e1n\u00ed poloostrova Kassandra autem        <\/a>\r\n        <\/h3>\r\n\t\t        <div class=\"desc\">\r\n\t\t\t<p>Pokud se ubytujete v hotelu Venus ve Sk\u00e1le Fourka, vybrali jste si jedno z klidn\u011bj\u0161\u00edch a autenti\u010dt\u011bj\u0161\u00edch m\u00edst na        <\/div>\r\n\t\t\r\n        <a class=\"link left\"\r\n           href=\"https:\/\/venusfourka.gr\/cs\/road-trip-adventures-from-hotel-venus-fourka-exploring-kassandra-peninsula-by-car\/\"\r\n           tabindex=\"-1\">\r\n            <span class=\"screen-reader-text\">Read more about Road Trip Adventures from Hotel Venus Fourka: Exploring Kassandra Peninsula by Car<\/span>\r\n\t\t\t\t\t\t\u010c\u00edst d\u00e1le        <\/a>\r\n\t\t            <\/div>\r\n        <\/article>\r\n\t\t        <article class=\"wcf-post post-928 post type-post status-publish format-standard has-post-thumbnail hentry category-uncategorized\">\r\n\t\t\t        <div class=\"thumb\">\r\n            <a href=\"https:\/\/venusfourka.gr\/cs\/why-hotel-venus-in-skala-fourka-is-the-perfect-family-friendly-base-in-halkidiki\/\" aria-label=\"Pro\u010d je hotel Venus ve Sk\u00e1le Fource ide\u00e1ln\u00edm m\u00edstem pro rodiny s d\u011btmi na Chalkidiki\">\r\n\t\t\t\t<img loading=\"lazy\" decoding=\"async\" width=\"2560\" height=\"1442\" src=\"https:\/\/venusfourka.gr\/wp-content\/uploads\/2026\/04\/Gemini_Generated_Image_xx82dexx82dexx82-scaled.png\" class=\"attachment-full size-full wp-image-745\" alt=\"\" srcset=\"https:\/\/venusfourka.gr\/wp-content\/uploads\/2026\/04\/Gemini_Generated_Image_xx82dexx82dexx82-scaled.png 2560w, https:\/\/venusfourka.gr\/wp-content\/uploads\/2026\/04\/Gemini_Generated_Image_xx82dexx82dexx82-300x169.png 300w, https:\/\/venusfourka.gr\/wp-content\/uploads\/2026\/04\/Gemini_Generated_Image_xx82dexx82dexx82-1024x577.png 1024w, https:\/\/venusfourka.gr\/wp-content\/uploads\/2026\/04\/Gemini_Generated_Image_xx82dexx82dexx82-768x433.png 768w, https:\/\/venusfourka.gr\/wp-content\/uploads\/2026\/04\/Gemini_Generated_Image_xx82dexx82dexx82-1536x865.png 1536w, https:\/\/venusfourka.gr\/wp-content\/uploads\/2026\/04\/Gemini_Generated_Image_xx82dexx82dexx82-2048x1154.png 2048w, https:\/\/venusfourka.gr\/wp-content\/uploads\/2026\/04\/Gemini_Generated_Image_xx82dexx82dexx82-18x10.png 18w\" sizes=\"(max-width: 2560px) 100vw, 2560px\" title=\"\">            <\/a>\r\n        <\/div>\r\n\t\t\r\n            <div class=\"content\">\r\n\t\t\t\t        <ul class=\"wcf-meta\">\r\n\t\t\t        <\/ul>\r\n\t\t        <h3 class=\"title\">\r\n        <a href=\"https:\/\/venusfourka.gr\/cs\/why-hotel-venus-in-skala-fourka-is-the-perfect-family-friendly-base-in-halkidiki\/\">\r\n\t\t\t<span class=\"highlight\"><\/span> Pro\u010d je hotel Venus ve Sk\u00e1le Fource ide\u00e1ln\u00edm m\u00edstem pro rodiny s d\u011btmi na Chalkidiki        <\/a>\r\n        <\/h3>\r\n\t\t        <div class=\"desc\">\r\n\t\t\t<p>Pokud sn\u00edte o pohodov\u00e9 dovolen\u00e9 na pl\u00e1\u017ei Kassandra bez dav\u016f v\u011bt\u0161\u00edch letovisek, Hotel Venus Fourka        <\/div>\r\n\t\t\r\n        <a class=\"link left\"\r\n           href=\"https:\/\/venusfourka.gr\/cs\/why-hotel-venus-in-skala-fourka-is-the-perfect-family-friendly-base-in-halkidiki\/\"\r\n           tabindex=\"-1\">\r\n            <span class=\"screen-reader-text\">Read more about Why Hotel Venus in Skala Fourka is the Perfect Family-Friendly Base in Halkidiki<\/span>\r\n\t\t\t\t\t\t\u010c\u00edst d\u00e1le        <\/a>\r\n\t\t            <\/div>\r\n        <\/article>\r\n\t\t<\/div><\/div>\t\t\t\t<\/div>\n\t\t\t\t<\/div>\n\t\t\t\t\t<\/div>\n\t\t\t\t<\/div>\n\t\t\t\t<\/div>","protected":false},"excerpt":{"rendered":"<p>Where Every Stay is an Unforgettable Journey Best Restaurants Near Hotel Venus Fourka: Fresh Seafood, Traditional Tavernas &amp; Sunset Dining in Kassandra One of the biggest joys of staying at Hotel Venus in Skala Fourka is how easy it is to enjoy Read more about Best Restaurants Near Hotel Venus Fourka: Fresh Seafood, Traditional Tavernas [&hellip;]<\/p>\n","protected":false},"author":1,"featured_media":0,"parent":0,"menu_order":0,"comment_status":"closed","ping_status":"closed","template":"","meta":{"footnotes":""},"class_list":["post-890","page","type-page","status-publish","hentry"],"_links":{"self":[{"href":"https:\/\/venusfourka.gr\/cs\/wp-json\/wp\/v2\/pages\/890","targetHints":{"allow":["GET"]}}],"collection":[{"href":"https:\/\/venusfourka.gr\/cs\/wp-json\/wp\/v2\/pages"}],"about":[{"href":"https:\/\/venusfourka.gr\/cs\/wp-json\/wp\/v2\/types\/page"}],"author":[{"embeddable":true,"href":"https:\/\/venusfourka.gr\/cs\/wp-json\/wp\/v2\/users\/1"}],"replies":[{"embeddable":true,"href":"https:\/\/venusfourka.gr\/cs\/wp-json\/wp\/v2\/comments?post=890"}],"version-history":[{"count":16,"href":"https:\/\/venusfourka.gr\/cs\/wp-json\/wp\/v2\/pages\/890\/revisions"}],"predecessor-version":[{"id":941,"href":"https:\/\/venusfourka.gr\/cs\/wp-json\/wp\/v2\/pages\/890\/revisions\/941"}],"wp:attachment":[{"href":"https:\/\/venusfourka.gr\/cs\/wp-json\/wp\/v2\/media?parent=890"}],"curies":[{"name":"wp","href":"https:\/\/api.w.org\/{rel}","templated":true}]}}