{"id":861,"date":"2026-04-09T17:38:48","date_gmt":"2026-04-09T17:38:48","guid":{"rendered":"https:\/\/venusfourka.gr\/?page_id=861"},"modified":"2026-04-09T17:56:38","modified_gmt":"2026-04-09T17:56:38","slug":"zkusenosti","status":"publish","type":"page","link":"https:\/\/venusfourka.gr\/cs\/experiences\/","title":{"rendered":"Zku\u0161enosti"},"content":{"rendered":"<div data-elementor-type=\"wp-page\" data-elementor-id=\"861\" class=\"elementor elementor-861\" data-elementor-post-type=\"page\">\n\t\t\t\t<div class=\"elementor-element elementor-element-4fec85c6 service_card e-con-full e-flex wcf-starter-animations-none e-con e-parent\" data-id=\"4fec85c6\" data-element_type=\"container\" data-e-type=\"container\" data-settings=\"{&quot;background_background&quot;:&quot;classic&quot;}\">\n\t\t<div class=\"elementor-element elementor-element-25c4404 e-flex e-con-boxed wcf-starter-animations-none e-con e-child\" data-id=\"25c4404\" data-element_type=\"container\" data-e-type=\"container\">\n\t\t\t\t\t<div class=\"e-con-inner\">\n\t\t<div class=\"elementor-element elementor-element-27c7411 e-con-full e-flex wcf-starter-animations-none e-con e-child\" data-id=\"27c7411\" data-element_type=\"container\" data-e-type=\"container\">\n\t\t<div class=\"elementor-element elementor-element-1062868 e-con-full glass-container e-flex wcf-starter-animations-none e-con e-child\" data-id=\"1062868\" data-element_type=\"container\" data-e-type=\"container\" data-settings=\"{&quot;background_background&quot;:&quot;classic&quot;}\">\n\t\t\t\t<div class=\"elementor-element elementor-element-2446214 wcf-starter-animations-none elementor-widget elementor-widget-wcf--title\" data-id=\"2446214\" data-element_type=\"widget\" data-e-type=\"widget\" data-settings=\"{&quot;wcf_starter_animations&quot;:&quot;none&quot;,&quot;wcf_anim_duration&quot;:1000,&quot;wcf_anim_delay&quot;:0,&quot;wcf_anim_ease&quot;:&quot;ease&quot;}\" data-widget_type=\"wcf--title.default\">\n\t\t\t\t<div class=\"elementor-widget-container\">\n\t\t\t\t\t<h2 class=\"wcf--title\">Kde je ka\u017ed\u00fd pobyt <br>Nezapomenuteln\u00e1 cesta\n<\/h2>\t\t\t\t<\/div>\n\t\t\t\t<\/div>\n\t\t\t\t<\/div>\n\t\t\t\t<\/div>\n\t\t<div class=\"elementor-element elementor-element-a0e62f9 e-con-full elementor-hidden-mobile e-flex wcf-starter-animations-none e-con e-child\" data-id=\"a0e62f9\" data-element_type=\"container\" data-e-type=\"container\">\n\t\t\t\t<\/div>\n\t\t\t\t\t<\/div>\n\t\t\t\t<\/div>\n\t\t\t\t<\/div>\n\t\t<div class=\"elementor-element elementor-element-11288956 e-flex e-con-boxed wcf-starter-animations-none e-con e-parent\" data-id=\"11288956\" data-element_type=\"container\" data-e-type=\"container\">\n\t\t\t\t\t<div class=\"e-con-inner\">\n\t\t<div class=\"elementor-element elementor-element-51a1d21b e-con-full e-flex wcf-starter-animations-none e-con e-child\" data-id=\"51a1d21b\" data-element_type=\"container\" data-e-type=\"container\">\n\t\t\t\t<div class=\"elementor-element elementor-element-1f0258f7 elementor-widget__width-initial wcf-starter-animations-none elementor-widget elementor-widget-wcf--title\" data-id=\"1f0258f7\" data-element_type=\"widget\" data-e-type=\"widget\" data-settings=\"{&quot;wcf_starter_animations&quot;:&quot;none&quot;,&quot;wcf_anim_duration&quot;:1000,&quot;wcf_anim_delay&quot;:0,&quot;wcf_anim_ease&quot;:&quot;ease&quot;}\" data-widget_type=\"wcf--title.default\">\n\t\t\t\t<div class=\"elementor-widget-container\">\n\t\t\t\t\t<span class=\"prefix_on_normal wcf--title\">v\u011bd\u011bt v\u00edce o<\/span>\t\t\t\t<\/div>\n\t\t\t\t<\/div>\n\t\t<div class=\"elementor-element elementor-element-7a9ae2ec e-con-full e-flex wcf-starter-animations-none e-con e-child\" data-id=\"7a9ae2ec\" data-element_type=\"container\" data-e-type=\"container\">\n\t\t\t\t<div class=\"elementor-element elementor-element-4eb8550d elementor-widget__width-inherit wcf-starter-animations-none elementor-widget elementor-widget-wcf--title\" data-id=\"4eb8550d\" data-element_type=\"widget\" data-e-type=\"widget\" data-settings=\"{&quot;wcf_starter_animations&quot;:&quot;none&quot;,&quot;wcf_anim_duration&quot;:1000,&quot;wcf_anim_delay&quot;:0,&quot;wcf_anim_ease&quot;:&quot;ease&quot;}\" data-widget_type=\"wcf--title.default\">\n\t\t\t\t<div class=\"elementor-widget-container\">\n\t\t\t\t\t<h2 class=\"wcf--title\">U\u017eijte si na\u0161e dobrodru\u017estv\u00ed<\/h2>\t\t\t\t<\/div>\n\t\t\t\t<\/div>\n\t\t\t\t<\/div>\n\t\t\t\t<\/div>\n\t\t<div class=\"elementor-element elementor-element-68f9712e e-con-full e-flex wcf-starter-animations-none e-con e-child\" data-id=\"68f9712e\" data-element_type=\"container\" data-e-type=\"container\">\n\t\t<div class=\"elementor-element elementor-element-817e066 e-con-full e-flex wcf-starter-animations-none e-con e-child\" data-id=\"817e066\" data-element_type=\"container\" data-e-type=\"container\">\n\t\t\t\t<div class=\"elementor-element elementor-element-634239e6 wcf-starter-animations-none elementor-widget elementor-widget-wcf--image\" data-id=\"634239e6\" data-element_type=\"widget\" data-e-type=\"widget\" data-settings=\"{&quot;wcf_starter_animations&quot;:&quot;none&quot;,&quot;wcf_anim_duration&quot;:1000,&quot;wcf_anim_delay&quot;:0,&quot;wcf_anim_ease&quot;:&quot;ease&quot;}\" data-widget_type=\"wcf--image.default\">\n\t\t\t\t<div class=\"elementor-widget-container\">\n\t\t\t\t\t\t\t<div class=\"wcf--image\">\r\n\t\t\t\t\t\t\t<img fetchpriority=\"high\" decoding=\"async\" width=\"2560\" height=\"1708\" src=\"https:\/\/venusfourka.gr\/wp-content\/uploads\/2026\/04\/halkidiki-lighthouse-top-1-2560.webp\" class=\"attachment-full size-full wp-image-871\" alt=\"\" srcset=\"https:\/\/venusfourka.gr\/wp-content\/uploads\/2026\/04\/halkidiki-lighthouse-top-1-2560.webp 2560w, https:\/\/venusfourka.gr\/wp-content\/uploads\/2026\/04\/halkidiki-lighthouse-top-1-2560-300x200.webp 300w, https:\/\/venusfourka.gr\/wp-content\/uploads\/2026\/04\/halkidiki-lighthouse-top-1-2560-1024x683.webp 1024w, https:\/\/venusfourka.gr\/wp-content\/uploads\/2026\/04\/halkidiki-lighthouse-top-1-2560-768x512.webp 768w, https:\/\/venusfourka.gr\/wp-content\/uploads\/2026\/04\/halkidiki-lighthouse-top-1-2560-1536x1025.webp 1536w, https:\/\/venusfourka.gr\/wp-content\/uploads\/2026\/04\/halkidiki-lighthouse-top-1-2560-2048x1366.webp 2048w, https:\/\/venusfourka.gr\/wp-content\/uploads\/2026\/04\/halkidiki-lighthouse-top-1-2560-18x12.webp 18w\" sizes=\"(max-width: 2560px) 100vw, 2560px\" title=\"\">\t\t\t\t\t\t<\/div>\r\n\t\t\t\t\t\t<\/div>\n\t\t\t\t<\/div>\n\t\t\t\t<\/div>\n\t\t<div class=\"elementor-element elementor-element-16cb13eb e-con-full e-flex wcf-starter-animations-none e-con e-child\" data-id=\"16cb13eb\" data-element_type=\"container\" data-e-type=\"container\">\n\t\t\t\t<div class=\"elementor-element elementor-element-6db52565 wcf-starter-animations-skew-reveal wcf-repeat-no elementor-widget elementor-widget-wcf--text\" data-id=\"6db52565\" data-element_type=\"widget\" data-e-type=\"widget\" data-settings=\"{&quot;wcf_starter_animations&quot;:&quot;skew-reveal&quot;,&quot;wcf_anim_duration&quot;:1000,&quot;wcf_anim_delay&quot;:0,&quot;wcf_anim_ease&quot;:&quot;ease&quot;,&quot;wcf_repeat_on_enter&quot;:&quot;no&quot;}\" data-widget_type=\"wcf--text.default\">\n\t\t\t\t<div class=\"elementor-widget-container\">\n\t\t\t\t\t<div class=\"wcf--text\"><p dir=\"auto\">Hotel Venus se nach\u00e1z\u00ed na ide\u00e1ln\u00edm m\u00edst\u011b ve Sk\u00e1le Fourka, co\u017e z n\u011bj \u010din\u00ed ide\u00e1ln\u00ed z\u00e1kladnu pro nezapomenuteln\u00e9 <strong>v\u00fdlety autem<\/strong> po kr\u00e1sn\u00e9m poloostrov\u011b Kassandra a d\u00e1le. P\u016fj\u010dte si auto (pom\u016f\u017eeme v\u00e1m s jeho zaji\u0161t\u011bn\u00edm) a objevte \u00fa\u017easn\u00e9 pl\u00e1\u017ee, okouzluj\u00edc\u00ed vesnice, starobyl\u00e1 m\u00edsta a dechberouc\u00ed v\u00fdhledy \u2013 to v\u0161e v r\u00e1mci kr\u00e1tk\u00fdch, malebn\u00fdch j\u00edzd<\/p><\/div>\t\t\t\t<\/div>\n\t\t\t\t<\/div>\n\t\t<div class=\"elementor-element elementor-element-733551d2 e-con-full e-flex wcf-starter-animations-none e-con e-child\" data-id=\"733551d2\" data-element_type=\"container\" data-e-type=\"container\">\n\t\t\t\t<div class=\"elementor-element elementor-element-5253c5a4 wcf-starter-animations-none elementor-widget elementor-widget-wcf--image\" data-id=\"5253c5a4\" data-element_type=\"widget\" data-e-type=\"widget\" data-settings=\"{&quot;wcf_starter_animations&quot;:&quot;none&quot;,&quot;wcf_anim_duration&quot;:1000,&quot;wcf_anim_delay&quot;:0,&quot;wcf_anim_ease&quot;:&quot;ease&quot;}\" data-widget_type=\"wcf--image.default\">\n\t\t\t\t<div class=\"elementor-widget-container\">\n\t\t\t\t\t\t\t<div class=\"wcf--image\">\r\n\t\t\t\t\t\t\t<img decoding=\"async\" width=\"720\" height=\"480\" src=\"https:\/\/venusfourka.gr\/wp-content\/uploads\/2026\/04\/image303144504.jpg\" class=\"attachment-full size-full wp-image-875\" alt=\"\" srcset=\"https:\/\/venusfourka.gr\/wp-content\/uploads\/2026\/04\/image303144504.jpg 720w, https:\/\/venusfourka.gr\/wp-content\/uploads\/2026\/04\/image303144504-300x200.jpg 300w, https:\/\/venusfourka.gr\/wp-content\/uploads\/2026\/04\/image303144504-18x12.jpg 18w\" sizes=\"(max-width: 720px) 100vw, 720px\" title=\"\">\t\t\t\t\t\t<\/div>\r\n\t\t\t\t\t\t<\/div>\n\t\t\t\t<\/div>\n\t\t\t\t<\/div>\n\t\t\t\t<\/div>\n\t\t\t\t<\/div>\n\t\t\t\t\t<\/div>\n\t\t\t\t<\/div>\n\t\t<div class=\"elementor-element elementor-element-57548140 e-flex e-con-boxed wcf-starter-animations-none e-con e-parent\" data-id=\"57548140\" data-element_type=\"container\" data-e-type=\"container\" data-settings=\"{&quot;background_background&quot;:&quot;classic&quot;}\">\n\t\t\t\t\t<div class=\"e-con-inner\">\n\t\t<div class=\"elementor-element elementor-element-751ee738 e-con-full e-flex wcf-starter-animations-none e-con e-child\" data-id=\"751ee738\" data-element_type=\"container\" data-e-type=\"container\">\n\t\t\t\t<div class=\"elementor-element elementor-element-3d644e5f elementor-widget__width-inherit wcf-starter-animations-none elementor-widget elementor-widget-wcf--title\" data-id=\"3d644e5f\" data-element_type=\"widget\" data-e-type=\"widget\" data-settings=\"{&quot;wcf_starter_animations&quot;:&quot;none&quot;,&quot;wcf_anim_duration&quot;:1000,&quot;wcf_anim_delay&quot;:0,&quot;wcf_anim_ease&quot;:&quot;ease&quot;}\" data-widget_type=\"wcf--title.default\">\n\t\t\t\t<div class=\"elementor-widget-container\">\n\t\t\t\t\t<h2 class=\"wcf--title\">Kr\u00e1tk\u00e9 a snadn\u00e9 j\u00edzdy autem (10\u201330 minut)<\/h2>\t\t\t\t<\/div>\n\t\t\t\t<\/div>\n\t\t\t\t<div class=\"elementor-element elementor-element-17bfebb wcf-starter-animations-skew-reveal wcf-repeat-no elementor-widget elementor-widget-wcf--text\" data-id=\"17bfebb\" data-element_type=\"widget\" data-e-type=\"widget\" data-settings=\"{&quot;wcf_starter_animations&quot;:&quot;skew-reveal&quot;,&quot;wcf_anim_duration&quot;:1000,&quot;wcf_anim_delay&quot;:0,&quot;wcf_anim_ease&quot;:&quot;ease&quot;,&quot;wcf_repeat_on_enter&quot;:&quot;no&quot;}\" data-widget_type=\"wcf--text.default\">\n\t\t\t\t<div class=\"elementor-widget-container\">\n\t\t\t\t\t<div class=\"wcf--text\"><ul dir=\"auto\"><li><strong>Pl\u00e1\u017e a mys Possidi<\/strong> (\u2248 10\u201315 min \/ 8 km) Jedno z nejikoni\u010dt\u011bj\u0161\u00edch m\u00edst na Kassand\u0159e. Doje\u010fte k \u00fazk\u00e9mu p\u00edse\u010dn\u00e9mu mysu s ikonick\u00fdm maj\u00e1kem, kde se z obou stran setk\u00e1vaj\u00ed vlny Egejsk\u00e9ho mo\u0159e. Plavte se v tyrkysov\u00e9 vod\u011b, projd\u011bte se po dun\u00e1ch nebo si u\u017eijte magick\u00fd z\u00e1pad slunce s v\u00fdhledem na horu Olymp. V\u00fdlet autem, kter\u00fd mus\u00edte za\u017e\u00edt!<\/li><li><strong>Pl\u00e1\u017e a vesnice Siviri<\/strong> (\u2248 15\u201320 min) Klidn\u00e1 pl\u00e1\u017e vhodn\u00e1 pro rodiny s d\u011btmi s borovicemi a \u010distou vodou. Zastavte se na \u010derstv\u00e9 mo\u0159sk\u00e9 plody v p\u0159\u00edmo\u0159sk\u00e9 tavern\u011b nebo nav\u0161tivte venkovn\u00ed amfite\u00e1tr b\u011bhem letn\u00edch akc\u00ed.<\/li><li><strong>Vesnice Afitos (Afytos)<\/strong> (\u2248 25\u201330 min) Malebn\u00e1 kamenn\u00e1 vesnice na kopci s \u00fachvatn\u00fdm v\u00fdhledem na mo\u0159e, tradi\u010dn\u00ed architekturou, butiky a vynikaj\u00edc\u00edmi tavernami. Ide\u00e1ln\u00ed pro pohodovou odpoledn\u00ed proch\u00e1zku a focen\u00ed.<\/li><\/ul><p dir=\"auto\">V hotelu Venus v\u011b\u0159\u00edme, \u017ee nejlep\u0161\u00ed dovolen\u00e1 je ta, kter\u00e1 str\u00e1v\u00edte pocitem uvoln\u011bn\u00ed, p\u00e9\u010de a spojen\u00edm s kr\u00e1sou \u0158ecka.<\/p><p dir=\"auto\">T\u011b\u0161\u00edme se na va\u0161i brzkou n\u00e1v\u0161t\u011bvu!<\/p><\/div>\t\t\t\t<\/div>\n\t\t\t\t<\/div>\n\t\t\t\t<div class=\"elementor-element elementor-element-70d91340 elementor-absolute elementor-hidden-mobile wcf-starter-animations-none elementor-widget elementor-widget-wcf--image\" data-id=\"70d91340\" data-element_type=\"widget\" data-e-type=\"widget\" data-settings=\"{&quot;_position&quot;:&quot;absolute&quot;,&quot;wcf_starter_animations&quot;:&quot;none&quot;,&quot;wcf_anim_duration&quot;:1000,&quot;wcf_anim_delay&quot;:0,&quot;wcf_anim_ease&quot;:&quot;ease&quot;}\" data-widget_type=\"wcf--image.default\">\n\t\t\t\t<div class=\"elementor-widget-container\">\n\t\t\t\t\t\t\t<div class=\"wcf--image\">\r\n\t\t\t\t\t\t\t<img decoding=\"async\" width=\"85\" height=\"69\" src=\"https:\/\/venusfourka.gr\/wp-content\/uploads\/2026\/04\/Line-B.webp\" class=\"attachment-full size-full wp-image-616\" alt=\"\" srcset=\"https:\/\/venusfourka.gr\/wp-content\/uploads\/2026\/04\/Line-B.webp 85w, https:\/\/venusfourka.gr\/wp-content\/uploads\/2026\/04\/Line-B-15x12.webp 15w\" sizes=\"(max-width: 85px) 100vw, 85px\" title=\"\">\t\t\t\t\t\t<\/div>\r\n\t\t\t\t\t\t<\/div>\n\t\t\t\t<\/div>\n\t\t\t\t<\/div>\n\t\t<div class=\"elementor-element elementor-element-4ae0b3fc e-con-full e-flex wcf-starter-animations-none e-con e-child\" data-id=\"4ae0b3fc\" data-element_type=\"container\" data-e-type=\"container\">\n\t\t\t\t<div class=\"elementor-element elementor-element-3f0e5c06 wcf-starter-animations-none elementor-widget elementor-widget-wcf--image\" data-id=\"3f0e5c06\" data-element_type=\"widget\" data-e-type=\"widget\" data-settings=\"{&quot;wcf_starter_animations&quot;:&quot;none&quot;,&quot;wcf_anim_duration&quot;:1000,&quot;wcf_anim_delay&quot;:0,&quot;wcf_anim_ease&quot;:&quot;ease&quot;}\" data-widget_type=\"wcf--image.default\">\n\t\t\t\t<div class=\"elementor-widget-container\">\n\t\t\t\t\t\t\t<div class=\"wcf--image\">\r\n\t\t\t\t\t\t\t<img loading=\"lazy\" decoding=\"async\" width=\"960\" height=\"600\" src=\"https:\/\/venusfourka.gr\/wp-content\/uploads\/2026\/04\/HAL_KASSANDRA_afitos-17.jpg\" class=\"attachment-full size-full wp-image-883\" alt=\"\" srcset=\"https:\/\/venusfourka.gr\/wp-content\/uploads\/2026\/04\/HAL_KASSANDRA_afitos-17.jpg 960w, https:\/\/venusfourka.gr\/wp-content\/uploads\/2026\/04\/HAL_KASSANDRA_afitos-17-300x188.jpg 300w, https:\/\/venusfourka.gr\/wp-content\/uploads\/2026\/04\/HAL_KASSANDRA_afitos-17-768x480.jpg 768w, https:\/\/venusfourka.gr\/wp-content\/uploads\/2026\/04\/HAL_KASSANDRA_afitos-17-18x12.jpg 18w\" sizes=\"(max-width: 960px) 100vw, 960px\" title=\"\">\t\t\t\t\t\t<\/div>\r\n\t\t\t\t\t\t<\/div>\n\t\t\t\t<\/div>\n\t\t\t\t<\/div>\n\t\t\t\t\t<\/div>\n\t\t\t\t<\/div>\n\t\t<div class=\"elementor-element elementor-element-c51de6e e-flex e-con-boxed wcf-starter-animations-none e-con e-parent\" data-id=\"c51de6e\" data-element_type=\"container\" data-e-type=\"container\" data-settings=\"{&quot;background_background&quot;:&quot;classic&quot;}\">\n\t\t\t\t\t<div class=\"e-con-inner\">\n\t\t<div class=\"elementor-element elementor-element-6734bf0 e-con-full e-flex wcf-starter-animations-none e-con e-child\" data-id=\"6734bf0\" data-element_type=\"container\" data-e-type=\"container\">\n\t\t\t\t<div class=\"elementor-element elementor-element-03ec838 wcf-starter-animations-none elementor-widget elementor-widget-wcf--image\" data-id=\"03ec838\" data-element_type=\"widget\" data-e-type=\"widget\" data-settings=\"{&quot;wcf_starter_animations&quot;:&quot;none&quot;,&quot;wcf_anim_duration&quot;:1000,&quot;wcf_anim_delay&quot;:0,&quot;wcf_anim_ease&quot;:&quot;ease&quot;}\" data-widget_type=\"wcf--image.default\">\n\t\t\t\t<div class=\"elementor-widget-container\">\n\t\t\t\t\t\t\t<div class=\"wcf--image\">\r\n\t\t\t\t\t\t\t<img loading=\"lazy\" decoding=\"async\" width=\"870\" height=\"500\" src=\"https:\/\/venusfourka.gr\/wp-content\/uploads\/2026\/04\/kassandra-halkidiki-1.jpg\" class=\"attachment-full size-full wp-image-884\" alt=\"\" srcset=\"https:\/\/venusfourka.gr\/wp-content\/uploads\/2026\/04\/kassandra-halkidiki-1.jpg 870w, https:\/\/venusfourka.gr\/wp-content\/uploads\/2026\/04\/kassandra-halkidiki-1-300x172.jpg 300w, https:\/\/venusfourka.gr\/wp-content\/uploads\/2026\/04\/kassandra-halkidiki-1-768x441.jpg 768w, https:\/\/venusfourka.gr\/wp-content\/uploads\/2026\/04\/kassandra-halkidiki-1-18x10.jpg 18w\" sizes=\"(max-width: 870px) 100vw, 870px\" title=\"\">\t\t\t\t\t\t<\/div>\r\n\t\t\t\t\t\t<\/div>\n\t\t\t\t<\/div>\n\t\t\t\t<\/div>\n\t\t<div class=\"elementor-element elementor-element-793c048 e-con-full e-flex wcf-starter-animations-none e-con e-child\" data-id=\"793c048\" data-element_type=\"container\" data-e-type=\"container\">\n\t\t\t\t<div class=\"elementor-element elementor-element-7c3d025 elementor-widget__width-inherit wcf-starter-animations-none elementor-widget elementor-widget-wcf--title\" data-id=\"7c3d025\" data-element_type=\"widget\" data-e-type=\"widget\" data-settings=\"{&quot;wcf_starter_animations&quot;:&quot;none&quot;,&quot;wcf_anim_duration&quot;:1000,&quot;wcf_anim_delay&quot;:0,&quot;wcf_anim_ease&quot;:&quot;ease&quot;}\" data-widget_type=\"wcf--title.default\">\n\t\t\t\t<div class=\"elementor-widget-container\">\n\t\t\t\t\t<h2 class=\"wcf--title\">P\u016fldenn\u00ed v\u00fdlety autem (30\u201360 minut)<\/h2>\t\t\t\t<\/div>\n\t\t\t\t<\/div>\n\t\t\t\t<div class=\"elementor-element elementor-element-c22bee8 wcf-starter-animations-skew-reveal wcf-repeat-no elementor-widget elementor-widget-wcf--text\" data-id=\"c22bee8\" data-element_type=\"widget\" data-e-type=\"widget\" data-settings=\"{&quot;wcf_starter_animations&quot;:&quot;skew-reveal&quot;,&quot;wcf_anim_duration&quot;:1000,&quot;wcf_anim_delay&quot;:0,&quot;wcf_anim_ease&quot;:&quot;ease&quot;,&quot;wcf_repeat_on_enter&quot;:&quot;no&quot;}\" data-widget_type=\"wcf--text.default\">\n\t\t\t\t<div class=\"elementor-widget-container\">\n\t\t\t\t\t<div class=\"wcf--text\"><ul><li><p>Pefkochori a Kallithea (\u2248 30\u201345 min) Vydejte se na jih pod\u00e9l v\u00fdchodn\u00edho pob\u0159e\u017e\u00ed k pulzuj\u00edc\u00edm pl\u00e1\u017e\u00edm s vodn\u00edmi sporty, pl\u00e1\u017eov\u00fdmi bary a \u017eivou atmosf\u00e9rou. Skv\u011bl\u00e9 pro ty, kte\u0159\u00ed cht\u011bj\u00ed kombinaci relaxace a energie.<\/p><\/li><li><p>Oblast Sani (\u2248 40\u201350 min) Prozkoumejte luxusn\u00ed letovisko Sani s jeho p\u0159\u00edstavem, luxusn\u00edmi obchody a kr\u00e1snou upravenou pl\u00e1\u017e\u00ed. Ide\u00e1ln\u00ed pro sofistikovan\u011bj\u0161\u00ed den s vybran\u00fdmi mo\u017enostmi stravov\u00e1n\u00ed.<\/p><\/li><li><p>Kryopigi a skryt\u00e9 z\u00e1toky (\u2248 35 min) Objevte pl\u00e1\u017ee ve st\u00ednu borovic a klidn\u00e1 m\u00edsta schovan\u00e1 pod \u00fatesy \u2013 ide\u00e1ln\u00ed pro \u0161norchlov\u00e1n\u00ed a klidn\u00e9 koup\u00e1n\u00ed.<\/p><\/li><\/ul><\/div>\t\t\t\t<\/div>\n\t\t\t\t<\/div>\n\t\t\t\t<div class=\"elementor-element elementor-element-ae726d2 elementor-absolute elementor-hidden-mobile wcf-starter-animations-none elementor-widget elementor-widget-wcf--image\" data-id=\"ae726d2\" data-element_type=\"widget\" data-e-type=\"widget\" data-settings=\"{&quot;_position&quot;:&quot;absolute&quot;,&quot;wcf_starter_animations&quot;:&quot;none&quot;,&quot;wcf_anim_duration&quot;:1000,&quot;wcf_anim_delay&quot;:0,&quot;wcf_anim_ease&quot;:&quot;ease&quot;}\" data-widget_type=\"wcf--image.default\">\n\t\t\t\t<div class=\"elementor-widget-container\">\n\t\t\t\t\t\t\t<div class=\"wcf--image\">\r\n\t\t\t\t\t\t\t<img decoding=\"async\" width=\"85\" height=\"69\" src=\"https:\/\/venusfourka.gr\/wp-content\/uploads\/2026\/04\/Line-B.webp\" class=\"attachment-full size-full wp-image-616\" alt=\"\" srcset=\"https:\/\/venusfourka.gr\/wp-content\/uploads\/2026\/04\/Line-B.webp 85w, https:\/\/venusfourka.gr\/wp-content\/uploads\/2026\/04\/Line-B-15x12.webp 15w\" sizes=\"(max-width: 85px) 100vw, 85px\" title=\"\">\t\t\t\t\t\t<\/div>\r\n\t\t\t\t\t\t<\/div>\n\t\t\t\t<\/div>\n\t\t\t\t<\/div>\n\t\t\t\t\t<\/div>\n\t\t\t\t<\/div>\n\t\t\t\t<\/div>","protected":false},"excerpt":{"rendered":"<p>Where Every Stay is an Unforgettable Journey know more aboutEnjoy our Adventures Hotel Venus is ideally located in Skala Fourka, making it the perfect base for memorable road trips across the beautiful Kassandra Peninsula and beyond. Rent a car (we can help arrange it) and discover stunning beaches, charming villages, ancient sites, and breathtaking views [&hellip;]<\/p>\n","protected":false},"author":1,"featured_media":0,"parent":0,"menu_order":0,"comment_status":"closed","ping_status":"closed","template":"","meta":{"footnotes":""},"class_list":["post-861","page","type-page","status-publish","hentry"],"_links":{"self":[{"href":"https:\/\/venusfourka.gr\/cs\/wp-json\/wp\/v2\/pages\/861","targetHints":{"allow":["GET"]}}],"collection":[{"href":"https:\/\/venusfourka.gr\/cs\/wp-json\/wp\/v2\/pages"}],"about":[{"href":"https:\/\/venusfourka.gr\/cs\/wp-json\/wp\/v2\/types\/page"}],"author":[{"embeddable":true,"href":"https:\/\/venusfourka.gr\/cs\/wp-json\/wp\/v2\/users\/1"}],"replies":[{"embeddable":true,"href":"https:\/\/venusfourka.gr\/cs\/wp-json\/wp\/v2\/comments?post=861"}],"version-history":[{"count":19,"href":"https:\/\/venusfourka.gr\/cs\/wp-json\/wp\/v2\/pages\/861\/revisions"}],"predecessor-version":[{"id":887,"href":"https:\/\/venusfourka.gr\/cs\/wp-json\/wp\/v2\/pages\/861\/revisions\/887"}],"wp:attachment":[{"href":"https:\/\/venusfourka.gr\/cs\/wp-json\/wp\/v2\/media?parent=861"}],"curies":[{"name":"wp","href":"https:\/\/api.w.org\/{rel}","templated":true}]}}