{"id":535,"date":"2026-04-04T00:33:03","date_gmt":"2026-04-04T00:33:03","guid":{"rendered":"https:\/\/venusfourka.gr\/booking-confirmation\/transaction-failed\/"},"modified":"2026-04-04T00:33:03","modified_gmt":"2026-04-04T00:33:03","slug":"transakce-selhala","status":"publish","type":"page","link":"https:\/\/venusfourka.gr\/cs\/booking-confirmation\/transaction-failed\/","title":{"rendered":"Transakce selhala"},"content":{"rendered":"<p>Va\u0161i transakci bohu\u017eel moment\u00e1ln\u011b nelze dokon\u010dit. Zkuste to pros\u00edm znovu nebo n\u00e1s kontaktujte.<\/p>","protected":false},"excerpt":{"rendered":"<p>Va\u0161i transakci bohu\u017eel moment\u00e1ln\u011b nelze dokon\u010dit. Zkuste to pros\u00edm znovu nebo n\u00e1s kontaktujte.<\/p>","protected":false},"author":1,"featured_media":0,"parent":531,"menu_order":0,"comment_status":"closed","ping_status":"closed","template":"","meta":{"footnotes":""},"class_list":["post-535","page","type-page","status-publish","hentry"],"_links":{"self":[{"href":"https:\/\/venusfourka.gr\/cs\/wp-json\/wp\/v2\/pages\/535","targetHints":{"allow":["GET"]}}],"collection":[{"href":"https:\/\/venusfourka.gr\/cs\/wp-json\/wp\/v2\/pages"}],"about":[{"href":"https:\/\/venusfourka.gr\/cs\/wp-json\/wp\/v2\/types\/page"}],"author":[{"embeddable":true,"href":"https:\/\/venusfourka.gr\/cs\/wp-json\/wp\/v2\/users\/1"}],"replies":[{"embeddable":true,"href":"https:\/\/venusfourka.gr\/cs\/wp-json\/wp\/v2\/comments?post=535"}],"version-history":[{"count":0,"href":"https:\/\/venusfourka.gr\/cs\/wp-json\/wp\/v2\/pages\/535\/revisions"}],"up":[{"embeddable":true,"href":"https:\/\/venusfourka.gr\/cs\/wp-json\/wp\/v2\/pages\/531"}],"wp:attachment":[{"href":"https:\/\/venusfourka.gr\/cs\/wp-json\/wp\/v2\/media?parent=535"}],"curies":[{"name":"wp","href":"https:\/\/api.w.org\/{rel}","templated":true}]}}